{"id":1116,"date":"2021-04-25T10:09:19","date_gmt":"2021-04-25T13:09:19","guid":{"rendered":"https:\/\/paradadasmultas.com.br\/?page_id=1116"},"modified":"2021-04-27T17:36:29","modified_gmt":"2021-04-27T20:36:29","slug":"atos-normativos-deliberacoes-portaria-e-resolucoes","status":"publish","type":"page","link":"https:\/\/paradadasmultas.com.br\/index.php\/atos-normativos-deliberacoes-portaria-e-resolucoes\/","title":{"rendered":"Atos Normativos (Delibera\u00e7\u00f5es, Portaria e Resolu\u00e7\u00f5es)"},"content":{"rendered":"<p>[et_pb_section fb_built=&#8221;1&#8243; _builder_version=&#8221;4.9.2&#8243; _module_preset=&#8221;default&#8221; hover_enabled=&#8221;0&#8243; sticky_enabled=&#8221;0&#8243;][et_pb_row _builder_version=&#8221;4.9.2&#8243; _module_preset=&#8221;default&#8221;][et_pb_column type=&#8221;4_4&#8243; _builder_version=&#8221;4.9.2&#8243; _module_preset=&#8221;default&#8221;][et_pb_text _builder_version=&#8221;4.9.2&#8243; _module_preset=&#8221;default&#8221; text_orientation=&#8221;center&#8221; hover_enabled=&#8221;0&#8243; text_font=&#8221;Arial|600|||||||&#8221; sticky_enabled=&#8221;0&#8243;]<\/p>\n<h1>Atos normativos<\/h1>\n<p>[\/et_pb_text][\/et_pb_column][\/et_pb_row][et_pb_row column_structure=&#8221;1_3,1_3,1_3&#8243; _builder_version=&#8221;4.9.2&#8243; _module_preset=&#8221;default&#8221;][et_pb_column type=&#8221;1_3&#8243; _builder_version=&#8221;4.9.2&#8243; _module_preset=&#8221;default&#8221;][et_pb_button button_url=&#8221;https:\/\/paradadasmultas.com.br\/index.php\/deliberacoes&#8221; button_text=&#8221;DELIBERA\u00c7\u00d5ES&#8221; button_alignment=&#8221;center&#8221; _builder_version=&#8221;4.9.2&#8243; _module_preset=&#8221;default&#8221; custom_button=&#8221;on&#8221; button_text_size=&#8221;19px&#8221; button_text_color=&#8221;#E02B20&#8243; button_bg_color=&#8221;#e0e0e0&#8243; hover_enabled=&#8221;0&#8243; button_font=&#8221;Arial|700|||||||&#8221; sticky_enabled=&#8221;0&#8243;][\/et_pb_button][\/et_pb_column][et_pb_column type=&#8221;1_3&#8243; _builder_version=&#8221;4.9.2&#8243; _module_preset=&#8221;default&#8221;][et_pb_button button_url=&#8221;https:\/\/paradadasmultas.com.br\/index.php\/portarias-2\/&#8221; button_text=&#8221;PORTARIAS&#8221; button_alignment=&#8221;center&#8221; _builder_version=&#8221;4.9.2&#8243; _module_preset=&#8221;default&#8221; custom_button=&#8221;on&#8221; button_text_size=&#8221;19px&#8221; button_text_color=&#8221;#E02B20&#8243; button_bg_color=&#8221;#e0e0e0&#8243; hover_enabled=&#8221;0&#8243; button_font=&#8221;Arial|600|||||||&#8221; sticky_enabled=&#8221;0&#8243;][\/et_pb_button][\/et_pb_column][et_pb_column type=&#8221;1_3&#8243; _builder_version=&#8221;4.9.2&#8243; _module_preset=&#8221;default&#8221;][et_pb_button button_url=&#8221;https:\/\/paradadasmultas.com.br\/index.php\/resolucoes\/&#8221; button_text=&#8221;RESOLU\u00c7\u00d5ES&#8221; button_alignment=&#8221;center&#8221; _builder_version=&#8221;4.9.2&#8243; _module_preset=&#8221;default&#8221; custom_button=&#8221;on&#8221; button_text_size=&#8221;19px&#8221; button_text_color=&#8221;#E02B20&#8243; button_bg_color=&#8221;#e0e0e0&#8243; hover_enabled=&#8221;0&#8243; button_font=&#8221;Arial|600|||||||&#8221; sticky_enabled=&#8221;0&#8243;][\/et_pb_button][\/et_pb_column][\/et_pb_row][\/et_pb_section]<\/p>\n","protected":false},"excerpt":{"rendered":"<p>[et_pb_section fb_built=&#8221;1&#8243; _builder_version=&#8221;4.9.2&#8243; _module_preset=&#8221;default&#8221; hover_enabled=&#8221;0&#8243; sticky_enabled=&#8221;0&#8243;][et_pb_row _builder_version=&#8221;4.9.2&#8243; _module_preset=&#8221;default&#8221;][et_pb_column type=&#8221;4_4&#8243; _builder_version=&#8221;4.9.2&#8243; _module_preset=&#8221;default&#8221;][et_pb_text _builder_version=&#8221;4.9.2&#8243; _module_preset=&#8221;default&#8221; text_orientation=&#8221;center&#8221; hover_enabled=&#8221;0&#8243; text_font=&#8221;Arial|600|||||||&#8221; sticky_enabled=&#8221;0&#8243;] Atos normativos [\/et_pb_text][\/et_pb_column][\/et_pb_row][et_pb_row column_structure=&#8221;1_3,1_3,1_3&#8243; _builder_version=&#8221;4.9.2&#8243; _module_preset=&#8221;default&#8221;][et_pb_column type=&#8221;1_3&#8243; _builder_version=&#8221;4.9.2&#8243; _module_preset=&#8221;default&#8221;][et_pb_button button_url=&#8221;https:\/\/paradadasmultas.com.br\/index.php\/deliberacoes&#8221; button_text=&#8221;DELIBERA\u00c7\u00d5ES&#8221; button_alignment=&#8221;center&#8221; _builder_version=&#8221;4.9.2&#8243; _module_preset=&#8221;default&#8221; custom_button=&#8221;on&#8221; button_text_size=&#8221;19px&#8221; button_text_color=&#8221;#E02B20&#8243; button_bg_color=&#8221;#e0e0e0&#8243; hover_enabled=&#8221;0&#8243; button_font=&#8221;Arial|700|||||||&#8221; sticky_enabled=&#8221;0&#8243;][\/et_pb_button][\/et_pb_column][et_pb_column type=&#8221;1_3&#8243; _builder_version=&#8221;4.9.2&#8243; _module_preset=&#8221;default&#8221;][et_pb_button button_url=&#8221;https:\/\/paradadasmultas.com.br\/index.php\/portarias-2\/&#8221; button_text=&#8221;PORTARIAS&#8221; button_alignment=&#8221;center&#8221; _builder_version=&#8221;4.9.2&#8243; _module_preset=&#8221;default&#8221; custom_button=&#8221;on&#8221; button_text_size=&#8221;19px&#8221; button_text_color=&#8221;#E02B20&#8243; button_bg_color=&#8221;#e0e0e0&#8243; hover_enabled=&#8221;0&#8243; button_font=&#8221;Arial|600|||||||&#8221; sticky_enabled=&#8221;0&#8243;][\/et_pb_button][\/et_pb_column][et_pb_column type=&#8221;1_3&#8243; _builder_version=&#8221;4.9.2&#8243; [&hellip;]<\/p>\n","protected":false},"author":1,"featured_media":0,"parent":0,"menu_order":0,"comment_status":"closed","ping_status":"closed","template":"","meta":{"_et_pb_use_builder":"on","_et_pb_old_content":"<!-- wp:divi\/placeholder \/-->","_et_gb_content_width":""},"yoast_head":"<!-- This site is optimized with the Yoast SEO plugin v15.9.2 - https:\/\/yoast.com\/wordpress\/plugins\/seo\/ -->\n<title>Atos Normativos (Delibera\u00e7\u00f5es, Portaria e Resolu\u00e7\u00f5es) - Parada das Multas<\/title>\n<meta name=\"description\" content=\"Queremos selar o compromisso de oferecer a voc\u00ea o melhor recurso para o deferimento da sua multa. Disponibilizamos o (S.A.C) Servi\u00e7o de Atendimento ao Cliente, atrav\u00e9s do WhatsApp (27)99890-9694, voc\u00ea fala diretamente com profissional e esclarece todas as d\u00favidas relacionadas ao assunto totalmente gratuita.\" \/>\n<meta name=\"robots\" content=\"index, follow, max-snippet:-1, max-image-preview:large, max-video-preview:-1\" \/>\n<link rel=\"canonical\" href=\"https:\/\/paradadasmultas.com.br\/index.php\/atos-normativos-deliberacoes-portaria-e-resolucoes\/\" \/>\n<meta property=\"og:locale\" content=\"pt_BR\" \/>\n<meta property=\"og:type\" content=\"article\" \/>\n<meta property=\"og:title\" content=\"Atos Normativos (Delibera\u00e7\u00f5es, Portaria e Resolu\u00e7\u00f5es) - Parada das Multas\" \/>\n<meta property=\"og:description\" content=\"Queremos selar o compromisso de oferecer a voc\u00ea o melhor recurso para o deferimento da sua multa. Disponibilizamos o (S.A.C) Servi\u00e7o de Atendimento ao Cliente, atrav\u00e9s do WhatsApp (27)99890-9694, voc\u00ea fala diretamente com profissional e esclarece todas as d\u00favidas relacionadas ao assunto totalmente gratuita.\" \/>\n<meta property=\"og:url\" content=\"https:\/\/paradadasmultas.com.br\/index.php\/atos-normativos-deliberacoes-portaria-e-resolucoes\/\" \/>\n<meta property=\"og:site_name\" content=\"Parada das Multas\" \/>\n<meta property=\"article:modified_time\" content=\"2021-04-27T20:36:29+00:00\" \/>\n<meta name=\"twitter:card\" content=\"summary_large_image\" \/>\n<script type=\"application\/ld+json\" class=\"yoast-schema-graph\">{\"@context\":\"https:\/\/schema.org\",\"@graph\":[{\"@type\":\"Organization\",\"@id\":\"https:\/\/paradadasmultas.com.br\/#organization\",\"name\":\"Parada das Multas\",\"url\":\"https:\/\/paradadasmultas.com.br\/\",\"sameAs\":[],\"logo\":{\"@type\":\"ImageObject\",\"@id\":\"https:\/\/paradadasmultas.com.br\/#logo\",\"inLanguage\":\"pt-BR\",\"url\":\"https:\/\/paradadasmultas.com.br\/wp-content\/uploads\/2020\/10\/parada-das-multas-1.png\",\"width\":227,\"height\":120,\"caption\":\"Parada das Multas\"},\"image\":{\"@id\":\"https:\/\/paradadasmultas.com.br\/#logo\"}},{\"@type\":\"WebSite\",\"@id\":\"https:\/\/paradadasmultas.com.br\/#website\",\"url\":\"https:\/\/paradadasmultas.com.br\/\",\"name\":\"Parada das Multas\",\"description\":\"Levou multa e n\\u00e3o sabe como recorrer?\",\"publisher\":{\"@id\":\"https:\/\/paradadasmultas.com.br\/#organization\"},\"potentialAction\":[{\"@type\":\"SearchAction\",\"target\":\"https:\/\/paradadasmultas.com.br\/?s={search_term_string}\",\"query-input\":\"required name=search_term_string\"}],\"inLanguage\":\"pt-BR\"},{\"@type\":\"WebPage\",\"@id\":\"https:\/\/paradadasmultas.com.br\/index.php\/atos-normativos-deliberacoes-portaria-e-resolucoes\/#webpage\",\"url\":\"https:\/\/paradadasmultas.com.br\/index.php\/atos-normativos-deliberacoes-portaria-e-resolucoes\/\",\"name\":\"Atos Normativos (Delibera\\u00e7\\u00f5es, Portaria e Resolu\\u00e7\\u00f5es) - Parada das Multas\",\"isPartOf\":{\"@id\":\"https:\/\/paradadasmultas.com.br\/#website\"},\"datePublished\":\"2021-04-25T13:09:19+00:00\",\"dateModified\":\"2021-04-27T20:36:29+00:00\",\"description\":\"Queremos selar o compromisso de oferecer a voc\\u00ea o melhor recurso para o deferimento da sua multa. Disponibilizamos o (S.A.C) Servi\\u00e7o de Atendimento ao Cliente, atrav\\u00e9s do WhatsApp (27)99890-9694, voc\\u00ea fala diretamente com profissional e esclarece todas as d\\u00favidas relacionadas ao assunto totalmente gratuita.\",\"breadcrumb\":{\"@id\":\"https:\/\/paradadasmultas.com.br\/index.php\/atos-normativos-deliberacoes-portaria-e-resolucoes\/#breadcrumb\"},\"inLanguage\":\"pt-BR\",\"potentialAction\":[{\"@type\":\"ReadAction\",\"target\":[\"https:\/\/paradadasmultas.com.br\/index.php\/atos-normativos-deliberacoes-portaria-e-resolucoes\/\"]}]},{\"@type\":\"BreadcrumbList\",\"@id\":\"https:\/\/paradadasmultas.com.br\/index.php\/atos-normativos-deliberacoes-portaria-e-resolucoes\/#breadcrumb\",\"itemListElement\":[{\"@type\":\"ListItem\",\"position\":1,\"item\":{\"@type\":\"WebPage\",\"@id\":\"https:\/\/paradadasmultas.com.br\/\",\"url\":\"https:\/\/paradadasmultas.com.br\/\",\"name\":\"In\\u00edcio\"}},{\"@type\":\"ListItem\",\"position\":2,\"item\":{\"@type\":\"WebPage\",\"@id\":\"https:\/\/paradadasmultas.com.br\/index.php\/atos-normativos-deliberacoes-portaria-e-resolucoes\/\",\"url\":\"https:\/\/paradadasmultas.com.br\/index.php\/atos-normativos-deliberacoes-portaria-e-resolucoes\/\",\"name\":\"Atos Normativos (Delibera\\u00e7\\u00f5es, Portaria e Resolu\\u00e7\\u00f5es)\"}}]}]}<\/script>\n<!-- \/ Yoast SEO plugin. -->","_links":{"self":[{"href":"https:\/\/paradadasmultas.com.br\/index.php\/wp-json\/wp\/v2\/pages\/1116"}],"collection":[{"href":"https:\/\/paradadasmultas.com.br\/index.php\/wp-json\/wp\/v2\/pages"}],"about":[{"href":"https:\/\/paradadasmultas.com.br\/index.php\/wp-json\/wp\/v2\/types\/page"}],"author":[{"embeddable":true,"href":"https:\/\/paradadasmultas.com.br\/index.php\/wp-json\/wp\/v2\/users\/1"}],"replies":[{"embeddable":true,"href":"https:\/\/paradadasmultas.com.br\/index.php\/wp-json\/wp\/v2\/comments?post=1116"}],"version-history":[{"count":10,"href":"https:\/\/paradadasmultas.com.br\/index.php\/wp-json\/wp\/v2\/pages\/1116\/revisions"}],"predecessor-version":[{"id":1319,"href":"https:\/\/paradadasmultas.com.br\/index.php\/wp-json\/wp\/v2\/pages\/1116\/revisions\/1319"}],"wp:attachment":[{"href":"https:\/\/paradadasmultas.com.br\/index.php\/wp-json\/wp\/v2\/media?parent=1116"}],"curies":[{"name":"wp","href":"https:\/\/api.w.org\/{rel}","templated":true}]}}