{"id":13,"date":"2014-04-26T16:58:25","date_gmt":"2014-04-26T16:58:25","guid":{"rendered":"http:\/\/demo.themegrill.com\/accelerate\/?page_id=13"},"modified":"2020-09-21T15:45:56","modified_gmt":"2020-09-21T18:45:56","slug":"cnh-suspensa","status":"publish","type":"page","link":"https:\/\/paradadasmultas.com.br\/index.php\/cnh-suspensa\/","title":{"rendered":"CNH Suspensa"},"content":{"rendered":"<p><img loading=\"lazy\" class=\" wp-image-299 alignleft\" src=\"https:\/\/paradadasmultas.com.br\/wp-content\/uploads\/2020\/09\/cnh-suspensa-300x165.jpg\" alt=\"\" width=\"365\" height=\"201\" srcset=\"https:\/\/paradadasmultas.com.br\/wp-content\/uploads\/2020\/09\/cnh-suspensa-300x165.jpg 300w, https:\/\/paradadasmultas.com.br\/wp-content\/uploads\/2020\/09\/cnh-suspensa.jpg 600w\" sizes=\"(max-width: 365px) 100vw, 365px\" \/>A suspens\u00e3o da CNH \u00e9 uma pena mais branda do que a cassa\u00e7\u00e3o. Ela ocorre para punir momentaneamente o motorista, que cometeu alguma infra\u00e7\u00e3o auto suspensiva ou que somou 20 pontos na CNH.<\/p>\n<p>Digo que ela \u00e9 mais branda pois o motorista n\u00e3o perde a CNH, ele apenas fica impedido de dirigir por um per\u00edodo pr\u00e9-estabelecido e, depois de cumprido o prazo, ter\u00e1 que fazer um curso de reciclagem e uma prova para mostrar que est\u00e1 apto a continuar dirigindo.<\/p>\n<p>Vou tratar aqui alguns t\u00f3picos pontuais sobre o que voc\u00ea precisa saber sobre a suspens\u00e3o da CNH.<\/p>\n<p>O primeiro ponto que voc\u00ea precisa saber \u00e9 que a suspens\u00e3o n\u00e3o \u00e9 a mesma coisa que a cassa\u00e7\u00e3o da CNH, a cassa\u00e7\u00e3o est\u00e1 no t\u00f3pico anterior.<\/p>\n<p>O que causa suspens\u00e3o da CNH?<br \/>\nO motorista poder\u00e1 ter a CNH suspensa se cometer as seguintes infra\u00e7\u00f5es: dirigir alcoolizado;<\/p>\n<p>Dirigir em velocidade a m\u00e1xima em mais 50% do limite permitido;<\/p>\n<p>For\u00e7ar a passagem entre ve\u00edculos transitando em sentidos opostos;<\/p>\n<p>Transportar na moto crian\u00e7a menor de sete anos;<\/p>\n<p>Transpor bloqueio policial;<\/p>\n<p>Dirigir moto com os far\u00f3is apagados;<\/p>\n<p>Transportar na moto passageiro sem capacete;<\/p>\n<p>Dirigir moto sem capacete;<\/p>\n<p>Dirigir fazendo malabarismo ou manobra perigosa;<\/p>\n<p>Participar de competi\u00e7\u00f5es esportivas sem autoriza\u00e7\u00e3o da autoridade de tr\u00e2nsito;<\/p>\n<p>Dirigir amea\u00e7ando pedestres;<\/p>\n<p>Disputar corrida (racha) e omitir socorro \u00e0 v\u00edtima.<\/p>\n<p>Essas s\u00e3o infra\u00e7\u00f5es grav\u00edssimas, por isso, mesmo que somados apenas 7 pontos, geram, automaticamente a suspens\u00e3o da CNH, isso porque o C\u00f3digo de Tr\u00e2nsito entendeu que apenas o valor pecuni\u00e1rio (dinheiro) mais a somat\u00f3ria de pontos n\u00e3o s\u00e3o suficientes para punir o motorista infrator.<\/p>\n<p>Para n\u00e3o ter a CNH suspensa o motorista poder\u00e1 se defender, apresentando provas e argumentos que embasem suas justificativas contra o ato do \u00f3rg\u00e3o.<\/p>\n<p>Mas aten\u00e7\u00e3o, a suspens\u00e3o da CNH s\u00f3 pode ser exigida depois de finalizado todo o processo administrativo de cassa\u00e7\u00e3o de suspes\u00e3o do direito de dirigir, que \u00e9 instaurado pelo DETRAN.<\/p>\n<p>Por isso, \u00e9 importante que voc\u00ea recorra e mantenha o seu direito de dirigir, ainda mais os motoristas profissionais que dependem da CNH para sobreviver.<\/p>\n<p>Como Recorrer?<\/p>\n<p>Do processo de suspens\u00e3o pode-se recorrer 3 vezes administrativamente: Defesa Pr\u00e9via, Recurso de 1\u00aa Inst\u00e2ncia (JARI) e o recurso de 2\u00aa Inst\u00e2ncia (CETRAN).<\/p>\n<p>\u00c9 importante recorrer at\u00e9 o final, pois as chances aumentam e as turmas julgadoras ficam mais espec\u00edficas.<\/p>\n<p>Porque nos contratar?<\/p>\n<p>Ao contratar nossos servi\u00e7os suas chances aumentam, uma vez que conhecemos as brechas da lei e as falhas dos \u00f3rg\u00e3os de tr\u00e2nsito, al\u00e9m disso voc\u00ea ter\u00e1 uma defesa personalizada, onde garantiremos o seu amplo direito de defesa para que voc\u00ea continue dirigindo, contando com a melhor assessoria t\u00e9cnica e personalizada sem sair de casa, de forma segura e 100% online.<\/p>\n<p>Ficou com alguma d\u00favida? Entre em contato conosco, ficaremos feliz em ajud\u00e1-lo.<\/p>\n","protected":false},"excerpt":{"rendered":"<p>A suspens\u00e3o da CNH \u00e9 uma pena mais branda do que a cassa\u00e7\u00e3o. Ela ocorre para punir momentaneamente o motorista, que cometeu alguma infra\u00e7\u00e3o auto suspensiva ou que somou 20 pontos na CNH.<\/p>\n","protected":false},"author":1,"featured_media":299,"parent":0,"menu_order":0,"comment_status":"closed","ping_status":"closed","template":"","meta":{"_et_pb_use_builder":"","_et_pb_old_content":"","_et_gb_content_width":""},"yoast_head":"<!-- This site is optimized with the Yoast SEO plugin v15.9.2 - https:\/\/yoast.com\/wordpress\/plugins\/seo\/ -->\n<title>CNH Suspensa - Parada das Multas<\/title>\n<meta name=\"description\" content=\"Queremos selar o compromisso de oferecer a voc\u00ea o melhor recurso para o deferimento da sua multa. Disponibilizamos o (S.A.C) Servi\u00e7o de Atendimento ao Cliente, atrav\u00e9s do WhatsApp (27)99890-9694, voc\u00ea fala diretamente com profissional e esclarece todas as d\u00favidas relacionadas ao assunto totalmente gratuita.\" \/>\n<meta name=\"robots\" content=\"index, follow, max-snippet:-1, max-image-preview:large, max-video-preview:-1\" \/>\n<link rel=\"canonical\" href=\"https:\/\/paradadasmultas.com.br\/index.php\/cnh-suspensa\/\" \/>\n<meta property=\"og:locale\" content=\"pt_BR\" \/>\n<meta property=\"og:type\" content=\"article\" \/>\n<meta property=\"og:title\" content=\"CNH Suspensa - Parada das Multas\" \/>\n<meta property=\"og:description\" content=\"Queremos selar o compromisso de oferecer a voc\u00ea o melhor recurso para o deferimento da sua multa. Disponibilizamos o (S.A.C) Servi\u00e7o de Atendimento ao Cliente, atrav\u00e9s do WhatsApp (27)99890-9694, voc\u00ea fala diretamente com profissional e esclarece todas as d\u00favidas relacionadas ao assunto totalmente gratuita.\" \/>\n<meta property=\"og:url\" content=\"https:\/\/paradadasmultas.com.br\/index.php\/cnh-suspensa\/\" \/>\n<meta property=\"og:site_name\" content=\"Parada das Multas\" \/>\n<meta property=\"article:modified_time\" content=\"2020-09-21T18:45:56+00:00\" \/>\n<meta property=\"og:image\" content=\"https:\/\/paradadasmultas.com.br\/wp-content\/uploads\/2020\/09\/cnh-suspensa.jpg\" \/>\n\t<meta property=\"og:image:width\" content=\"600\" \/>\n\t<meta property=\"og:image:height\" content=\"330\" \/>\n<meta name=\"twitter:card\" content=\"summary_large_image\" \/>\n<meta name=\"twitter:label1\" content=\"Est. reading time\">\n\t<meta name=\"twitter:data1\" content=\"2 minutos\">\n<script type=\"application\/ld+json\" class=\"yoast-schema-graph\">{\"@context\":\"https:\/\/schema.org\",\"@graph\":[{\"@type\":\"Organization\",\"@id\":\"https:\/\/paradadasmultas.com.br\/#organization\",\"name\":\"Parada das Multas\",\"url\":\"https:\/\/paradadasmultas.com.br\/\",\"sameAs\":[],\"logo\":{\"@type\":\"ImageObject\",\"@id\":\"https:\/\/paradadasmultas.com.br\/#logo\",\"inLanguage\":\"pt-BR\",\"url\":\"https:\/\/paradadasmultas.com.br\/wp-content\/uploads\/2020\/10\/parada-das-multas-1.png\",\"width\":227,\"height\":120,\"caption\":\"Parada das Multas\"},\"image\":{\"@id\":\"https:\/\/paradadasmultas.com.br\/#logo\"}},{\"@type\":\"WebSite\",\"@id\":\"https:\/\/paradadasmultas.com.br\/#website\",\"url\":\"https:\/\/paradadasmultas.com.br\/\",\"name\":\"Parada das Multas\",\"description\":\"Levou multa e n\\u00e3o sabe como recorrer?\",\"publisher\":{\"@id\":\"https:\/\/paradadasmultas.com.br\/#organization\"},\"potentialAction\":[{\"@type\":\"SearchAction\",\"target\":\"https:\/\/paradadasmultas.com.br\/?s={search_term_string}\",\"query-input\":\"required name=search_term_string\"}],\"inLanguage\":\"pt-BR\"},{\"@type\":\"ImageObject\",\"@id\":\"https:\/\/paradadasmultas.com.br\/index.php\/cnh-suspensa\/#primaryimage\",\"inLanguage\":\"pt-BR\",\"url\":\"https:\/\/paradadasmultas.com.br\/wp-content\/uploads\/2020\/09\/cnh-suspensa.jpg\",\"width\":600,\"height\":330},{\"@type\":\"WebPage\",\"@id\":\"https:\/\/paradadasmultas.com.br\/index.php\/cnh-suspensa\/#webpage\",\"url\":\"https:\/\/paradadasmultas.com.br\/index.php\/cnh-suspensa\/\",\"name\":\"CNH Suspensa - Parada das Multas\",\"isPartOf\":{\"@id\":\"https:\/\/paradadasmultas.com.br\/#website\"},\"primaryImageOfPage\":{\"@id\":\"https:\/\/paradadasmultas.com.br\/index.php\/cnh-suspensa\/#primaryimage\"},\"datePublished\":\"2014-04-26T16:58:25+00:00\",\"dateModified\":\"2020-09-21T18:45:56+00:00\",\"description\":\"Queremos selar o compromisso de oferecer a voc\\u00ea o melhor recurso para o deferimento da sua multa. Disponibilizamos o (S.A.C) Servi\\u00e7o de Atendimento ao Cliente, atrav\\u00e9s do WhatsApp (27)99890-9694, voc\\u00ea fala diretamente com profissional e esclarece todas as d\\u00favidas relacionadas ao assunto totalmente gratuita.\",\"breadcrumb\":{\"@id\":\"https:\/\/paradadasmultas.com.br\/index.php\/cnh-suspensa\/#breadcrumb\"},\"inLanguage\":\"pt-BR\",\"potentialAction\":[{\"@type\":\"ReadAction\",\"target\":[\"https:\/\/paradadasmultas.com.br\/index.php\/cnh-suspensa\/\"]}]},{\"@type\":\"BreadcrumbList\",\"@id\":\"https:\/\/paradadasmultas.com.br\/index.php\/cnh-suspensa\/#breadcrumb\",\"itemListElement\":[{\"@type\":\"ListItem\",\"position\":1,\"item\":{\"@type\":\"WebPage\",\"@id\":\"https:\/\/paradadasmultas.com.br\/\",\"url\":\"https:\/\/paradadasmultas.com.br\/\",\"name\":\"In\\u00edcio\"}},{\"@type\":\"ListItem\",\"position\":2,\"item\":{\"@type\":\"WebPage\",\"@id\":\"https:\/\/paradadasmultas.com.br\/index.php\/cnh-suspensa\/\",\"url\":\"https:\/\/paradadasmultas.com.br\/index.php\/cnh-suspensa\/\",\"name\":\"CNH Suspensa\"}}]}]}<\/script>\n<!-- \/ Yoast SEO plugin. -->","_links":{"self":[{"href":"https:\/\/paradadasmultas.com.br\/index.php\/wp-json\/wp\/v2\/pages\/13"}],"collection":[{"href":"https:\/\/paradadasmultas.com.br\/index.php\/wp-json\/wp\/v2\/pages"}],"about":[{"href":"https:\/\/paradadasmultas.com.br\/index.php\/wp-json\/wp\/v2\/types\/page"}],"author":[{"embeddable":true,"href":"https:\/\/paradadasmultas.com.br\/index.php\/wp-json\/wp\/v2\/users\/1"}],"replies":[{"embeddable":true,"href":"https:\/\/paradadasmultas.com.br\/index.php\/wp-json\/wp\/v2\/comments?post=13"}],"version-history":[{"count":1,"href":"https:\/\/paradadasmultas.com.br\/index.php\/wp-json\/wp\/v2\/pages\/13\/revisions"}],"predecessor-version":[{"id":300,"href":"https:\/\/paradadasmultas.com.br\/index.php\/wp-json\/wp\/v2\/pages\/13\/revisions\/300"}],"wp:featuredmedia":[{"embeddable":true,"href":"https:\/\/paradadasmultas.com.br\/index.php\/wp-json\/wp\/v2\/media\/299"}],"wp:attachment":[{"href":"https:\/\/paradadasmultas.com.br\/index.php\/wp-json\/wp\/v2\/media?parent=13"}],"curies":[{"name":"wp","href":"https:\/\/api.w.org\/{rel}","templated":true}]}}