{"id":136,"date":"2014-05-31T18:10:29","date_gmt":"2014-05-31T18:10:29","guid":{"rendered":"http:\/\/demo.themegrill.com\/accelerate\/?page_id=136"},"modified":"2021-04-15T09:12:04","modified_gmt":"2021-04-15T12:12:04","slug":"informacoes","status":"publish","type":"page","link":"https:\/\/paradadasmultas.com.br\/index.php\/informacoes\/","title":{"rendered":"Links \u00dateis"},"content":{"rendered":"<p>[et_pb_section fb_built=&#8221;1&#8243; admin_label=&#8221;Header&#8221; _builder_version=&#8221;4.9.2&#8243; background_color=&#8221;#212121&#8243; use_background_color_gradient=&#8221;on&#8221; background_color_gradient_start=&#8221;rgba(33,33,33,0.5)&#8221; background_color_gradient_end=&#8221;rgba(33,33,33,0.9)&#8221; background_color_gradient_overlays_image=&#8221;on&#8221; background_image=&#8221;https:\/\/paradadasmultas.com.br\/wp-content\/uploads\/2021\/04\/Links-pdm-scaled.jpg&#8221; background_position=&#8221;bottom_left&#8221; min_height=&#8221;688px&#8221; custom_padding=&#8221;0vw|0px|0vw|0px|true|false&#8221; animation_style=&#8221;zoom&#8221; animation_direction=&#8221;left&#8221; animation_duration=&#8221;1500ms&#8221; animation_intensity_zoom=&#8221;-2%&#8221;][et_pb_row _builder_version=&#8221;3.25&#8243;][et_pb_column type=&#8221;4_4&#8243; _builder_version=&#8221;3.25&#8243; custom_padding=&#8221;|||&#8221; custom_padding__hover=&#8221;|||&#8221;][et_pb_text ul_type=&#8221;circle&#8221; _builder_version=&#8221;4.9.2&#8243; text_font=&#8221;Montserrat||||||||&#8221; text_font_size=&#8221;18px&#8221; text_line_height=&#8221;2em&#8221; ul_font=&#8221;||||||||&#8221; ul_font_size=&#8221;18px&#8221; ul_line_height=&#8221;2em&#8221; header_font=&#8221;Montserrat|700|||||||&#8221; header_text_color=&#8221;#FFFFFF&#8221; header_font_size=&#8221;65px&#8221; header_line_height=&#8221;1.2em&#8221; text_orientation=&#8221;center&#8221; background_layout=&#8221;dark&#8221; max_width=&#8221;800px&#8221; module_alignment=&#8221;center&#8221; custom_padding=&#8221;25vh||||false|false&#8221; header_font_size_tablet=&#8221;40px&#8221; header_font_size_phone=&#8221;28px&#8221; header_font_size_last_edited=&#8221;on|phone&#8221; inline_fonts=&#8221;Alegreya SC&#8221;]<\/p>\n<h1>Links \u00fateis<\/h1>\n<p>[\/et_pb_text][\/et_pb_column][\/et_pb_row][\/et_pb_section][et_pb_section fb_built=&#8221;1&#8243; admin_label=&#8221;Service Details&#8221; _builder_version=&#8221;3.22&#8243; use_background_color_gradient=&#8221;on&#8221; background_color_gradient_start=&#8221;#ffffff&#8221; background_color_gradient_end=&#8221;#f1f5f9&#8243; background_image=&#8221;https:\/\/paradadasmultas.com.br\/wp-content\/uploads\/2021\/04\/transportation-services-05.png&#8221; background_position=&#8221;top_left&#8221; custom_padding=&#8221;0px|||||&#8221; locked=&#8221;off&#8221;][et_pb_row _builder_version=&#8221;4.9.2&#8243; border_color_all=&#8221;rgba(0,0,0,0.1)&#8221; border_width_top=&#8221;1px&#8221; locked=&#8221;off&#8221;][et_pb_column type=&#8221;4_4&#8243; _builder_version=&#8221;3.25&#8243; custom_padding=&#8221;|||&#8221; custom_padding__hover=&#8221;|||&#8221;][et_pb_text _builder_version=&#8221;4.9.2&#8243; text_font=&#8221;||||||||&#8221; text_font_size=&#8221;16px&#8221; text_line_height=&#8221;2em&#8221; link_font=&#8221;||||||||&#8221; link_text_color=&#8221;#C13E33&#8243; header_font=&#8221;||||||||&#8221; header_2_font=&#8221;Montserrat|700|||||||&#8221; header_2_font_size=&#8221;36px&#8221; header_2_line_height=&#8221;1.4em&#8221; header_4_font=&#8221;Montserrat||||||||&#8221; header_4_text_color=&#8221;#c13e33&#8243; header_4_font_size=&#8221;16px&#8221; header_2_font_size_tablet=&#8221;26px&#8221; header_2_font_size_phone=&#8221;20px&#8221; header_2_font_size_last_edited=&#8221;on|phone&#8221; locked=&#8221;off&#8221;]<\/p>\n<h2><span style=\"color: #000000;\"><strong>LEGISLA\u00c7\u00c3O DE TR\u00c2NSITO<\/strong><\/span><strong><span style=\"color: #09105c;\" class=\"has-inline-color\"><\/span><\/strong><span style=\"color: #000000;\"><strong><\/strong><\/span><\/h2>\n<p><span style=\"color: #0000ff;\"><a style=\"color: #0000ff;\" href=\"https:\/\/www.gov.br\/infraestrutura\/pt-br\/assuntos\/transito\/conteudo-contran\/resolucoes\/resolucao7822020.pdf\"><strong>RESOLU\u00c7\u00c3O &#8211; 782<\/strong><\/a><\/span><\/p>\n<p><span style=\"color: #0000ff;\"><strong><a style=\"color: #0000ff;\" href=\"http:\/\/www.planalto.gov.br\/ccivil_03\/leis\/L9503Compilado.htm\" target=\"_blank\" rel=\"noopener noreferrer\">C\u00f3digo de Tr\u00e2nsito Brasileiro<\/a><\/strong><\/span><\/p>\n<p><strong><span style=\"color: #0000ff;\"><a style=\"color: #0000ff;\" href=\"http:\/\/www.denatran.gov.br\/index.php\/deliberacoes\" target=\"_blank\" rel=\"noopener noreferrer\">Delibera\u00e7\u00f5es do DENATRAN<\/a><\/span><\/strong><\/p>\n<p><strong><span style=\"color: #0000ff;\"><a style=\"color: #0000ff;\" href=\"http:\/\/www.denatran.gov.br\/index.php\/portarias\" target=\"_blank\" rel=\"noopener noreferrer\">Portarias do DENATRAN<\/a><\/span><\/strong><\/p>\n<p><strong><span style=\"color: #0000ff;\"><a style=\"color: #0000ff;\" href=\"http:\/\/www.denatran.gov.br\/index.php\/resolucoes\" target=\"_blank\" rel=\"noopener noreferrer\">Resolu\u00e7\u00f5es do CONTRAN<\/a><\/span><\/strong><\/p>\n<h1 class=\"documentFirstHeading\"><\/h1>\n<p><strong>\u00a0<\/strong><\/p>\n<h4><\/h4>\n<p>[\/et_pb_text][\/et_pb_column][\/et_pb_row][et_pb_row _builder_version=&#8221;4.9.2&#8243; border_color_all=&#8221;rgba(0,0,0,0.1)&#8221; border_width_top=&#8221;1px&#8221; locked=&#8221;off&#8221;][et_pb_column type=&#8221;4_4&#8243; _builder_version=&#8221;3.25&#8243; custom_padding=&#8221;|||&#8221; custom_padding__hover=&#8221;|||&#8221;][et_pb_text _builder_version=&#8221;4.9.2&#8243; text_font=&#8221;||||||||&#8221; text_font_size=&#8221;16px&#8221; text_line_height=&#8221;2em&#8221; link_font=&#8221;||||||||&#8221; link_text_color=&#8221;#C13E33&#8243; header_font=&#8221;||||||||&#8221; header_2_font=&#8221;Montserrat|700|||||||&#8221; header_2_font_size=&#8221;36px&#8221; header_2_line_height=&#8221;1.4em&#8221; header_4_font=&#8221;Montserrat||||||||&#8221; header_4_text_color=&#8221;#c13e33&#8243; header_4_font_size=&#8221;16px&#8221; header_2_font_size_tablet=&#8221;26px&#8221; header_2_font_size_phone=&#8221;20px&#8221; header_2_font_size_last_edited=&#8221;on|phone&#8221; locked=&#8221;off&#8221;]<\/p>\n<h2><span style=\"color: #000000;\"><strong>ACOMPANHAMENTO PROCESSUAL<\/strong><\/span><span style=\"color: #000000;\"><strong><\/strong><\/span><strong><span style=\"color: #09105c;\" class=\"has-inline-color\"><\/span><\/strong><span style=\"color: #000000;\"><strong><\/strong><\/span><\/h2>\n<p><span style=\"color: #0000ff;\"><strong><a style=\"color: #0000ff;\" href=\"https:\/\/www.gov.br\/prf\/pt-br\/servicos\/autuacoes-de-transito\/nada-consta-1\/nada-consta\">PRF &#8211; CONSULTA MULTAS<\/a><\/strong><\/span><\/p>\n<p><span style=\"color: #0000ff;\"><strong><a style=\"color: #0000ff;\" href=\"https:\/\/www.gov.br\/dnit\/pt-br\">DNIT<\/a><\/strong><\/span><\/p>\n<p><strong><span style=\"color: #0000ff;\"><a style=\"color: #0000ff;\" href=\"http:\/\/www.denatran.gov.br\/index.php\/resolucoes\" target=\"_blank\" rel=\"noopener noreferrer\"><\/a><\/span><\/strong><\/p>\n<h1 class=\"documentFirstHeading\"><\/h1>\n<p><strong>\u00a0<\/strong><\/p>\n<h4><\/h4>\n<p>[\/et_pb_text][\/et_pb_column][\/et_pb_row][et_pb_row _builder_version=&#8221;4.9.2&#8243; border_color_all=&#8221;rgba(0,0,0,0.1)&#8221; border_width_top=&#8221;1px&#8221; locked=&#8221;off&#8221;][et_pb_column type=&#8221;4_4&#8243; _builder_version=&#8221;3.25&#8243; custom_padding=&#8221;|||&#8221; custom_padding__hover=&#8221;|||&#8221;][et_pb_text _builder_version=&#8221;4.9.2&#8243; text_font=&#8221;||||||||&#8221; text_font_size=&#8221;16px&#8221; text_line_height=&#8221;2em&#8221; link_font=&#8221;||||||||&#8221; link_text_color=&#8221;#C13E33&#8243; header_font=&#8221;||||||||&#8221; header_2_font=&#8221;Montserrat|700|||||||&#8221; header_2_font_size=&#8221;36px&#8221; header_2_line_height=&#8221;1.4em&#8221; header_4_font=&#8221;Montserrat||||||||&#8221; header_4_text_color=&#8221;#c13e33&#8243; header_4_font_size=&#8221;16px&#8221; header_2_font_size_tablet=&#8221;26px&#8221; header_2_font_size_phone=&#8221;20px&#8221; header_2_font_size_last_edited=&#8221;on|phone&#8221; locked=&#8221;off&#8221;]<\/p>\n<h2><span style=\"color: #000000;\"><strong>\u00d3RG\u00c3OS DE TR\u00c2NSITO<\/strong><\/span><\/h2>\n<p><span style=\"color: #0000ff;\"><strong><a style=\"color: #0000ff;\" href=\"https:\/\/detran.es.gov.br\/\">DETRAN &#8211; ES<\/a><\/strong><\/span><\/p>\n<p><span style=\"color: #0000ff;\"><strong><a style=\"color: #0000ff;\" href=\"https:\/\/der.es.gov.br\/\">DER- ES<\/a><\/strong><\/span><\/p>\n<p><span style=\"color: #0000ff;\"><strong><a style=\"color: #0000ff;\" href=\"https:\/\/www.gov.br\/prf\/pt-br\">PRF<\/a><\/strong><\/span><\/p>\n<p><span style=\"color: #0000ff;\"><strong><a style=\"color: #0000ff;\" href=\"https:\/\/www.gov.br\/dnit\/pt-br\">DNIT<\/a><\/strong><\/span><\/p>\n<p><span style=\"color: #0000ff;\"><strong><a style=\"color: #0000ff;\" https:\/\/portalservicos.denatran.serpro.gov.br\/>DENATRAN<\/a><\/strong><\/span><\/p>\n<p>&nbsp;<\/p>\n<h1 class=\"documentFirstHeading\"><\/h1>\n<p><strong>\u00a0<\/strong><\/p>\n<h4><\/h4>\n<p>[\/et_pb_text][\/et_pb_column][\/et_pb_row][et_pb_row _builder_version=&#8221;4.9.2&#8243; border_color_all=&#8221;rgba(0,0,0,0.1)&#8221; border_width_top=&#8221;1px&#8221; locked=&#8221;off&#8221;][et_pb_column type=&#8221;4_4&#8243; _builder_version=&#8221;3.25&#8243; custom_padding=&#8221;|||&#8221; custom_padding__hover=&#8221;|||&#8221;][et_pb_text _builder_version=&#8221;4.9.2&#8243; text_font=&#8221;||||||||&#8221; text_font_size=&#8221;16px&#8221; text_line_height=&#8221;2em&#8221; link_font=&#8221;||||||||&#8221; link_text_color=&#8221;#C13E33&#8243; header_font=&#8221;||||||||&#8221; header_2_font=&#8221;Montserrat|700|||||||&#8221; header_2_font_size=&#8221;36px&#8221; header_2_line_height=&#8221;1.4em&#8221; header_4_font=&#8221;Montserrat||||||||&#8221; header_4_text_color=&#8221;#c13e33&#8243; header_4_font_size=&#8221;16px&#8221; header_2_font_size_tablet=&#8221;26px&#8221; header_2_font_size_phone=&#8221;20px&#8221; header_2_font_size_last_edited=&#8221;on|phone&#8221; locked=&#8221;off&#8221;]<\/p>\n<h2><span style=\"color: #181818;\"><strong><span class=\"has-inline-color\"><span style=\"color: #000000;\">INSTITUTOS REGULADORES<\/span><\/span><\/strong><\/span><span style=\"color: #000000;\"><strong><\/strong><\/span><\/h2>\n<p><span style=\"color: #0000ff;\"><strong><a href=\"https:\/\/www4.inmetro.gov.br\/\">Instituto Nacional de Metrologia, Qualidade e Tecnologia &#8211; IMETRO<\/a><\/strong><\/span><\/p>\n<p>&nbsp;<\/p>\n<h1 class=\"documentFirstHeading\"><\/h1>\n<p><strong>\u00a0<\/strong><\/p>\n<h4><\/h4>\n<p>[\/et_pb_text][\/et_pb_column][\/et_pb_row][\/et_pb_section]<\/p>\n","protected":false},"excerpt":{"rendered":"<p>[et_pb_section fb_built=&#8221;1&#8243; admin_label=&#8221;Header&#8221; _builder_version=&#8221;4.9.2&#8243; background_color=&#8221;#212121&#8243; use_background_color_gradient=&#8221;on&#8221; background_color_gradient_start=&#8221;rgba(33,33,33,0.5)&#8221; background_color_gradient_end=&#8221;rgba(33,33,33,0.9)&#8221; background_color_gradient_overlays_image=&#8221;on&#8221; background_image=&#8221;https:\/\/paradadasmultas.com.br\/wp-content\/uploads\/2021\/04\/Links-pdm-scaled.jpg&#8221; background_position=&#8221;bottom_left&#8221; min_height=&#8221;688px&#8221; custom_padding=&#8221;0vw|0px|0vw|0px|true|false&#8221; animation_style=&#8221;zoom&#8221; animation_direction=&#8221;left&#8221; animation_duration=&#8221;1500ms&#8221; animation_intensity_zoom=&#8221;-2%&#8221;][et_pb_row _builder_version=&#8221;3.25&#8243;][et_pb_column type=&#8221;4_4&#8243; _builder_version=&#8221;3.25&#8243; custom_padding=&#8221;|||&#8221; custom_padding__hover=&#8221;|||&#8221;][et_pb_text ul_type=&#8221;circle&#8221; _builder_version=&#8221;4.9.2&#8243; text_font=&#8221;Montserrat||||||||&#8221; text_font_size=&#8221;18px&#8221; text_line_height=&#8221;2em&#8221; ul_font=&#8221;||||||||&#8221; ul_font_size=&#8221;18px&#8221; ul_line_height=&#8221;2em&#8221; header_font=&#8221;Montserrat|700|||||||&#8221; header_text_color=&#8221;#FFFFFF&#8221; header_font_size=&#8221;65px&#8221; header_line_height=&#8221;1.2em&#8221; text_orientation=&#8221;center&#8221; background_layout=&#8221;dark&#8221; max_width=&#8221;800px&#8221; module_alignment=&#8221;center&#8221; custom_padding=&#8221;25vh||||false|false&#8221; header_font_size_tablet=&#8221;40px&#8221; header_font_size_phone=&#8221;28px&#8221; header_font_size_last_edited=&#8221;on|phone&#8221; inline_fonts=&#8221;Alegreya SC&#8221;] Links \u00fateis [\/et_pb_text][\/et_pb_column][\/et_pb_row][\/et_pb_section][et_pb_section fb_built=&#8221;1&#8243; admin_label=&#8221;Service Details&#8221; _builder_version=&#8221;3.22&#8243; use_background_color_gradient=&#8221;on&#8221; background_color_gradient_start=&#8221;#ffffff&#8221; background_color_gradient_end=&#8221;#f1f5f9&#8243; background_image=&#8221;https:\/\/paradadasmultas.com.br\/wp-content\/uploads\/2021\/04\/transportation-services-05.png&#8221; [&hellip;]<\/p>\n","protected":false},"author":1,"featured_media":0,"parent":0,"menu_order":0,"comment_status":"closed","ping_status":"closed","template":"","meta":{"_et_pb_use_builder":"on","_et_pb_old_content":"<span style=\"color: #000000;\"><strong>LEGISLA\u00c7\u00c3O DE TR\u00c2NSITO<\/strong><\/span>\n\n<span style=\"color: #0000ff;\"><a style=\"color: #0000ff;\" href=\"https:\/\/www.gov.br\/infraestrutura\/pt-br\/assuntos\/transito\/conteudo-contran\/resolucoes\/resolucao7822020.pdf\"><strong>RESOLU\u00c7\u00c3O - 782<\/strong><\/a><\/span>\n\n<span style=\"color: #0000ff;\"><strong><a style=\"color: #0000ff;\" href=\"http:\/\/www.planalto.gov.br\/ccivil_03\/leis\/L9503Compilado.htm\" target=\"_blank\" rel=\"noopener noreferrer\">C\u00f3digo de Tr\u00e2nsito Brasileiro<\/a><\/strong><\/span>\n\n<strong><span style=\"color: #0000ff;\"><a style=\"color: #0000ff;\" href=\"http:\/\/www.denatran.gov.br\/index.php\/deliberacoes\" target=\"_blank\" rel=\"noopener noreferrer\">Delibera\u00e7\u00f5es do DENATRAN<\/a><\/span><\/strong>\n\n<strong><span style=\"color: #0000ff;\"><a style=\"color: #0000ff;\" href=\"http:\/\/www.denatran.gov.br\/index.php\/portarias\" target=\"_blank\" rel=\"noopener noreferrer\">Portarias do DENATRAN<\/a><\/span><\/strong>\n\n<strong><span style=\"color: #0000ff;\"><a style=\"color: #0000ff;\" href=\"http:\/\/www.denatran.gov.br\/index.php\/resolucoes\" target=\"_blank\" rel=\"noopener noreferrer\">Resolu\u00e7\u00f5es do CONTRAN<\/a><\/span><\/strong>\n\n<span style=\"color: #000000;\"><strong>ACOMPANHAMENTO PROCESSUAL<\/strong><\/span>\n\n<span style=\"color: #0000ff;\"><strong><a style=\"color: #0000ff;\" href=\"https:\/\/www.gov.br\/prf\/pt-br\/servicos\/autuacoes-de-transito\/nada-consta-1\/nada-consta\">PRF - CONSULTA MULTAS<\/a><\/strong><\/span>\n\n<span style=\"color: #0000ff;\"><strong><a style=\"color: #0000ff;\" href=\"https:\/\/www.gov.br\/dnit\/pt-br\">DNIT<\/a><\/strong><\/span>\n\n<span style=\"color: #000000;\"><strong>\u00d3RG\u00c3OS DE TR\u00c2NSITO<\/strong><\/span>\n\n<span style=\"color: #0000ff;\"><strong><a style=\"color: #0000ff;\" href=\"https:\/\/detran.es.gov.br\/\">DETRAN - ES<\/a><\/strong><\/span>\n\n<span style=\"color: #0000ff;\"><strong><a style=\"color: #0000ff;\" href=\"https:\/\/der.es.gov.br\/\">DER- ES<\/a><\/strong><\/span>\n\n<span style=\"color: #0000ff;\"><strong><a style=\"color: #0000ff;\" href=\"https:\/\/www.gov.br\/prf\/pt-br\">PRF<\/a><\/strong><\/span>\n\n<span style=\"color: #0000ff;\"><strong><a style=\"color: #0000ff;\" href=\"https:\/\/www.gov.br\/dnit\/pt-br\">DNIT<\/a><\/strong><\/span>\n\n<span style=\"color: #0000ff;\"><strong>\u200bDENATRAN<\/strong><\/span>\n\n<span style=\"color: #000000;\"><strong>INSTITUTOS REGULADORES<\/strong><\/span>\n\n<span style=\"color: #0000ff;\"><strong><a href=\"https:\/\/www4.inmetro.gov.br\/\">Instituto Nacional de Metrologia, Qualidade e Tecnologia - IMETRO<\/a><\/strong><\/span>\n<h1 class=\"documentFirstHeading\"><\/h1>","_et_gb_content_width":""},"yoast_head":"<!-- This site is optimized with the Yoast SEO plugin v15.9.2 - https:\/\/yoast.com\/wordpress\/plugins\/seo\/ -->\n<title>Links \u00dateis - Parada das Multas<\/title>\n<meta name=\"description\" content=\"Queremos selar o compromisso de oferecer a voc\u00ea o melhor recurso para o deferimento da sua multa. Disponibilizamos o (S.A.C) Servi\u00e7o de Atendimento ao Cliente, atrav\u00e9s do WhatsApp (27)99890-9694, voc\u00ea fala diretamente com profissional e esclarece todas as d\u00favidas relacionadas ao assunto totalmente gratuita.\" \/>\n<meta name=\"robots\" content=\"index, follow, max-snippet:-1, max-image-preview:large, max-video-preview:-1\" \/>\n<link rel=\"canonical\" href=\"https:\/\/paradadasmultas.com.br\/index.php\/informacoes\/\" \/>\n<meta property=\"og:locale\" content=\"pt_BR\" \/>\n<meta property=\"og:type\" content=\"article\" \/>\n<meta property=\"og:title\" content=\"Links \u00dateis - Parada das Multas\" \/>\n<meta property=\"og:description\" content=\"Queremos selar o compromisso de oferecer a voc\u00ea o melhor recurso para o deferimento da sua multa. Disponibilizamos o (S.A.C) Servi\u00e7o de Atendimento ao Cliente, atrav\u00e9s do WhatsApp (27)99890-9694, voc\u00ea fala diretamente com profissional e esclarece todas as d\u00favidas relacionadas ao assunto totalmente gratuita.\" \/>\n<meta property=\"og:url\" content=\"https:\/\/paradadasmultas.com.br\/index.php\/informacoes\/\" \/>\n<meta property=\"og:site_name\" content=\"Parada das Multas\" \/>\n<meta property=\"article:modified_time\" content=\"2021-04-15T12:12:04+00:00\" \/>\n<meta name=\"twitter:card\" content=\"summary_large_image\" \/>\n<meta name=\"twitter:label1\" content=\"Est. reading time\">\n\t<meta name=\"twitter:data1\" content=\"3 minutos\">\n<script type=\"application\/ld+json\" class=\"yoast-schema-graph\">{\"@context\":\"https:\/\/schema.org\",\"@graph\":[{\"@type\":\"Organization\",\"@id\":\"https:\/\/paradadasmultas.com.br\/#organization\",\"name\":\"Parada das Multas\",\"url\":\"https:\/\/paradadasmultas.com.br\/\",\"sameAs\":[],\"logo\":{\"@type\":\"ImageObject\",\"@id\":\"https:\/\/paradadasmultas.com.br\/#logo\",\"inLanguage\":\"pt-BR\",\"url\":\"https:\/\/paradadasmultas.com.br\/wp-content\/uploads\/2020\/10\/parada-das-multas-1.png\",\"width\":227,\"height\":120,\"caption\":\"Parada das Multas\"},\"image\":{\"@id\":\"https:\/\/paradadasmultas.com.br\/#logo\"}},{\"@type\":\"WebSite\",\"@id\":\"https:\/\/paradadasmultas.com.br\/#website\",\"url\":\"https:\/\/paradadasmultas.com.br\/\",\"name\":\"Parada das Multas\",\"description\":\"Levou multa e n\\u00e3o sabe como recorrer?\",\"publisher\":{\"@id\":\"https:\/\/paradadasmultas.com.br\/#organization\"},\"potentialAction\":[{\"@type\":\"SearchAction\",\"target\":\"https:\/\/paradadasmultas.com.br\/?s={search_term_string}\",\"query-input\":\"required name=search_term_string\"}],\"inLanguage\":\"pt-BR\"},{\"@type\":\"WebPage\",\"@id\":\"https:\/\/paradadasmultas.com.br\/index.php\/informacoes\/#webpage\",\"url\":\"https:\/\/paradadasmultas.com.br\/index.php\/informacoes\/\",\"name\":\"Links \\u00dateis - Parada das Multas\",\"isPartOf\":{\"@id\":\"https:\/\/paradadasmultas.com.br\/#website\"},\"datePublished\":\"2014-05-31T18:10:29+00:00\",\"dateModified\":\"2021-04-15T12:12:04+00:00\",\"description\":\"Queremos selar o compromisso de oferecer a voc\\u00ea o melhor recurso para o deferimento da sua multa. Disponibilizamos o (S.A.C) Servi\\u00e7o de Atendimento ao Cliente, atrav\\u00e9s do WhatsApp (27)99890-9694, voc\\u00ea fala diretamente com profissional e esclarece todas as d\\u00favidas relacionadas ao assunto totalmente gratuita.\",\"breadcrumb\":{\"@id\":\"https:\/\/paradadasmultas.com.br\/index.php\/informacoes\/#breadcrumb\"},\"inLanguage\":\"pt-BR\",\"potentialAction\":[{\"@type\":\"ReadAction\",\"target\":[\"https:\/\/paradadasmultas.com.br\/index.php\/informacoes\/\"]}]},{\"@type\":\"BreadcrumbList\",\"@id\":\"https:\/\/paradadasmultas.com.br\/index.php\/informacoes\/#breadcrumb\",\"itemListElement\":[{\"@type\":\"ListItem\",\"position\":1,\"item\":{\"@type\":\"WebPage\",\"@id\":\"https:\/\/paradadasmultas.com.br\/\",\"url\":\"https:\/\/paradadasmultas.com.br\/\",\"name\":\"In\\u00edcio\"}},{\"@type\":\"ListItem\",\"position\":2,\"item\":{\"@type\":\"WebPage\",\"@id\":\"https:\/\/paradadasmultas.com.br\/index.php\/informacoes\/\",\"url\":\"https:\/\/paradadasmultas.com.br\/index.php\/informacoes\/\",\"name\":\"Links \\u00dateis\"}}]}]}<\/script>\n<!-- \/ Yoast SEO plugin. -->","_links":{"self":[{"href":"https:\/\/paradadasmultas.com.br\/index.php\/wp-json\/wp\/v2\/pages\/136"}],"collection":[{"href":"https:\/\/paradadasmultas.com.br\/index.php\/wp-json\/wp\/v2\/pages"}],"about":[{"href":"https:\/\/paradadasmultas.com.br\/index.php\/wp-json\/wp\/v2\/types\/page"}],"author":[{"embeddable":true,"href":"https:\/\/paradadasmultas.com.br\/index.php\/wp-json\/wp\/v2\/users\/1"}],"replies":[{"embeddable":true,"href":"https:\/\/paradadasmultas.com.br\/index.php\/wp-json\/wp\/v2\/comments?post=136"}],"version-history":[{"count":19,"href":"https:\/\/paradadasmultas.com.br\/index.php\/wp-json\/wp\/v2\/pages\/136\/revisions"}],"predecessor-version":[{"id":952,"href":"https:\/\/paradadasmultas.com.br\/index.php\/wp-json\/wp\/v2\/pages\/136\/revisions\/952"}],"wp:attachment":[{"href":"https:\/\/paradadasmultas.com.br\/index.php\/wp-json\/wp\/v2\/media?parent=136"}],"curies":[{"name":"wp","href":"https:\/\/api.w.org\/{rel}","templated":true}]}}