{"id":18,"date":"2014-04-26T17:07:49","date_gmt":"2014-04-26T17:07:49","guid":{"rendered":"http:\/\/demo.themegrill.com\/accelerate\/?page_id=18"},"modified":"2020-09-21T15:40:12","modified_gmt":"2020-09-21T18:40:12","slug":"lei-seca","status":"publish","type":"page","link":"https:\/\/paradadasmultas.com.br\/index.php\/lei-seca\/","title":{"rendered":"Lei Seca Baf\u00f4metro"},"content":{"rendered":"\n<div class=\"wp-block-image\"><figure class=\"alignleft size-large is-resized\"><img loading=\"lazy\" src=\"https:\/\/paradadasmultas.com.br\/wp-content\/uploads\/2020\/09\/lei-seca-1.jpg\" alt=\"\" class=\"wp-image-292\" width=\"395\" height=\"217\" srcset=\"https:\/\/paradadasmultas.com.br\/wp-content\/uploads\/2020\/09\/lei-seca-1.jpg 600w, https:\/\/paradadasmultas.com.br\/wp-content\/uploads\/2020\/09\/lei-seca-1-300x165.jpg 300w\" sizes=\"(max-width: 395px) 100vw, 395px\" \/><\/figure><\/div>\n\n\n<p>A multa do baf\u00f4metro \u00e9 muito pol\u00eamica e tem consequ\u00eancias bem pesadas para o condutor, voc\u00ea pode verificar isso lendo o artigo 165 do C\u00f3digo de Tr\u00e2nsito Brasileiro, ou ler rapidinho esse texto.<br \/><br \/>Tanto faz de voc\u00ea soprar ou n\u00e3o soprar o \u201cbaf\u00f4metro\u201d a penalidade \u00e9 a mesma: suspens\u00e3o imediata do direito de dirigir, que \u00e9 a reten\u00e7\u00e3o da CNH por 24 horas pelo policial respons\u00e1vel pela abordagem e uma multa de R$ 2.934,70.<br \/><br \/>Eu digo isso, pois hoje existem os artigos 165-A e 277, par\u00e1grafo 3\u00ba do C\u00f3digo de Tr\u00e2nsito (CTB), que prev\u00ea as mesmas penalidades para a pessoa que faz o teste e constata, por exemplo 0,01 miligrama de \u00e1lcool por litro de ar alveolar, como se presumisse que a pessoa que se recusa est\u00e1 sob influ\u00eancia de \u00e1lcool.<br \/><br \/>Quem est\u00e1 dirigindo n\u00e3o pode beber nada, pois hoje em dia a toler\u00e2ncia \u00e9 ZERO e um simples bombom de licor pode ser detectado pelo etil\u00f4metro, que \u00e9 o aparelho\/equipamento que mede quantos miligramas de \u00e1lcool est\u00e3o presentes no ar dos seus pulm\u00f5es.<br \/><br \/>Eu quero que voc\u00ea saiba que voc\u00ea tem direito de refazer o teste ap\u00f3s 15 minutos, isso \u00e9 a contraprova, pois pode haver erro de calibragem do equipamento. Fique esperto, exija o seu direito!<br \/><br \/>Ainda preciso te dizer, que se o teste marcar mais do que 0,30 miligrama de \u00e1lcool por litro de ar alveolar, voc\u00ea ser\u00e1 preso e poder\u00e1 sair mediante pagamento de fian\u00e7a, uma vez que voc\u00ea cometeu o crime previsto no artigo 306 do CTB.<br \/><br \/>Agora que voc\u00ea sabe esses pequenos detalhes, vamos para o que realmente acontece quando voc\u00ea \u00e9 pego no baf\u00f4metro em uma blitz policial.<br \/><br \/>Feita a abordagem e realizado ou n\u00e3o o teste do etil\u00f4metro, o policial vai apreender sua CNH imediatamente e exigir que um condutor habilitado dirija o ve\u00edculo em seu lugar. Caso n\u00e3o se apresente um condutor habilitado, o ve\u00edculo ficar\u00e1 retido at\u00e9 que algu\u00e9m se apresente.<br \/><br \/>Quanto a sua CNH, ela ficar\u00e1 na base policial e ap\u00f3s 24 horas voc\u00ea poder\u00e1 retir\u00e1-la. Lembre-se de n\u00e3o ir dirigindo, pois voc\u00ea est\u00e1 sem CNH e pode ser multado por dirigir sem portar a CNH.<br \/><br \/>Liberado, seus problemas apenas come\u00e7aram, pois voc\u00ea ter\u00e1 que arcar com uma multa no valor de R$ 2.934,70, mais a suspens\u00e3o do seu direito de dirigir por 12 meses, que vai chegar atrav\u00e9s de uma notifica\u00e7\u00e3o na sua casa, ap\u00f3s esgotadas as vias recursais da multa da Lei Seca.<br \/><br \/>Por isso \u00e9 prudente recorrer, pois o recurso da multa do baf\u00f4metro\/recusa do baf\u00f4metro embasa o recurso da suspens\u00e3o da CNH e pode evitar que voc\u00ea desembolse quase 3 mil reais e ainda tenha o seu direito de dirigir suspenso.<\/p>\n<p><br \/>Mas o principal: se beber n\u00e3o dirija!<\/p>\n<p><br \/>Ficou com alguma d\u00favida? Entre em contato conosco, ficaremos feliz em ajud\u00e1-lo.<\/p>\n\n\n<figure class=\"wp-block-image size-large\"><img loading=\"lazy\" width=\"600\" height=\"330\" src=\"https:\/\/paradadasmultas.com.br\/wp-content\/uploads\/2020\/09\/lei-seca-1.jpg\" alt=\"\" class=\"wp-image-292\" srcset=\"https:\/\/paradadasmultas.com.br\/wp-content\/uploads\/2020\/09\/lei-seca-1.jpg 600w, https:\/\/paradadasmultas.com.br\/wp-content\/uploads\/2020\/09\/lei-seca-1-300x165.jpg 300w\" sizes=\"(max-width: 600px) 100vw, 600px\" \/><\/figure>\n","protected":false},"excerpt":{"rendered":"<p>A multa do baf\u00f4metro \u00e9 muito pol\u00eamica e tem consequ\u00eancias bem pesadas para o condutor, voc\u00ea pode verificar isso lendo o artigo 165 do C\u00f3digo de Tr\u00e2nsito Brasileiro, ou ler rapidinho esse texto<\/p>\n","protected":false},"author":1,"featured_media":287,"parent":0,"menu_order":0,"comment_status":"closed","ping_status":"closed","template":"","meta":{"_et_pb_use_builder":"","_et_pb_old_content":"","_et_gb_content_width":""},"yoast_head":"<!-- This site is optimized with the Yoast SEO plugin v15.9.2 - https:\/\/yoast.com\/wordpress\/plugins\/seo\/ -->\n<title>Lei Seca Baf\u00f4metro - Parada das Multas<\/title>\n<meta name=\"description\" content=\"Queremos selar o compromisso de oferecer a voc\u00ea o melhor recurso para o deferimento da sua multa. Disponibilizamos o (S.A.C) Servi\u00e7o de Atendimento ao Cliente, atrav\u00e9s do WhatsApp (27)99890-9694, voc\u00ea fala diretamente com profissional e esclarece todas as d\u00favidas relacionadas ao assunto totalmente gratuita.\" \/>\n<meta name=\"robots\" content=\"index, follow, max-snippet:-1, max-image-preview:large, max-video-preview:-1\" \/>\n<link rel=\"canonical\" href=\"https:\/\/paradadasmultas.com.br\/index.php\/lei-seca\/\" \/>\n<meta property=\"og:locale\" content=\"pt_BR\" \/>\n<meta property=\"og:type\" content=\"article\" \/>\n<meta property=\"og:title\" content=\"Lei Seca Baf\u00f4metro - Parada das Multas\" \/>\n<meta property=\"og:description\" content=\"Queremos selar o compromisso de oferecer a voc\u00ea o melhor recurso para o deferimento da sua multa. Disponibilizamos o (S.A.C) Servi\u00e7o de Atendimento ao Cliente, atrav\u00e9s do WhatsApp (27)99890-9694, voc\u00ea fala diretamente com profissional e esclarece todas as d\u00favidas relacionadas ao assunto totalmente gratuita.\" \/>\n<meta property=\"og:url\" content=\"https:\/\/paradadasmultas.com.br\/index.php\/lei-seca\/\" \/>\n<meta property=\"og:site_name\" content=\"Parada das Multas\" \/>\n<meta property=\"article:modified_time\" content=\"2020-09-21T18:40:12+00:00\" \/>\n<meta property=\"og:image\" content=\"https:\/\/paradadasmultas.com.br\/wp-content\/uploads\/2020\/09\/lei-seca.jpg\" \/>\n\t<meta property=\"og:image:width\" content=\"600\" \/>\n\t<meta property=\"og:image:height\" content=\"330\" \/>\n<meta name=\"twitter:card\" content=\"summary_large_image\" \/>\n<meta name=\"twitter:label1\" content=\"Est. reading time\">\n\t<meta name=\"twitter:data1\" content=\"2 minutos\">\n<script type=\"application\/ld+json\" class=\"yoast-schema-graph\">{\"@context\":\"https:\/\/schema.org\",\"@graph\":[{\"@type\":\"Organization\",\"@id\":\"https:\/\/paradadasmultas.com.br\/#organization\",\"name\":\"Parada das Multas\",\"url\":\"https:\/\/paradadasmultas.com.br\/\",\"sameAs\":[],\"logo\":{\"@type\":\"ImageObject\",\"@id\":\"https:\/\/paradadasmultas.com.br\/#logo\",\"inLanguage\":\"pt-BR\",\"url\":\"https:\/\/paradadasmultas.com.br\/wp-content\/uploads\/2020\/10\/parada-das-multas-1.png\",\"width\":227,\"height\":120,\"caption\":\"Parada das Multas\"},\"image\":{\"@id\":\"https:\/\/paradadasmultas.com.br\/#logo\"}},{\"@type\":\"WebSite\",\"@id\":\"https:\/\/paradadasmultas.com.br\/#website\",\"url\":\"https:\/\/paradadasmultas.com.br\/\",\"name\":\"Parada das Multas\",\"description\":\"Levou multa e n\\u00e3o sabe como recorrer?\",\"publisher\":{\"@id\":\"https:\/\/paradadasmultas.com.br\/#organization\"},\"potentialAction\":[{\"@type\":\"SearchAction\",\"target\":\"https:\/\/paradadasmultas.com.br\/?s={search_term_string}\",\"query-input\":\"required name=search_term_string\"}],\"inLanguage\":\"pt-BR\"},{\"@type\":\"ImageObject\",\"@id\":\"https:\/\/paradadasmultas.com.br\/index.php\/lei-seca\/#primaryimage\",\"inLanguage\":\"pt-BR\",\"url\":\"https:\/\/paradadasmultas.com.br\/wp-content\/uploads\/2020\/09\/lei-seca.jpg\",\"width\":600,\"height\":330},{\"@type\":\"WebPage\",\"@id\":\"https:\/\/paradadasmultas.com.br\/index.php\/lei-seca\/#webpage\",\"url\":\"https:\/\/paradadasmultas.com.br\/index.php\/lei-seca\/\",\"name\":\"Lei Seca Baf\\u00f4metro - Parada das Multas\",\"isPartOf\":{\"@id\":\"https:\/\/paradadasmultas.com.br\/#website\"},\"primaryImageOfPage\":{\"@id\":\"https:\/\/paradadasmultas.com.br\/index.php\/lei-seca\/#primaryimage\"},\"datePublished\":\"2014-04-26T17:07:49+00:00\",\"dateModified\":\"2020-09-21T18:40:12+00:00\",\"description\":\"Queremos selar o compromisso de oferecer a voc\\u00ea o melhor recurso para o deferimento da sua multa. Disponibilizamos o (S.A.C) Servi\\u00e7o de Atendimento ao Cliente, atrav\\u00e9s do WhatsApp (27)99890-9694, voc\\u00ea fala diretamente com profissional e esclarece todas as d\\u00favidas relacionadas ao assunto totalmente gratuita.\",\"breadcrumb\":{\"@id\":\"https:\/\/paradadasmultas.com.br\/index.php\/lei-seca\/#breadcrumb\"},\"inLanguage\":\"pt-BR\",\"potentialAction\":[{\"@type\":\"ReadAction\",\"target\":[\"https:\/\/paradadasmultas.com.br\/index.php\/lei-seca\/\"]}]},{\"@type\":\"BreadcrumbList\",\"@id\":\"https:\/\/paradadasmultas.com.br\/index.php\/lei-seca\/#breadcrumb\",\"itemListElement\":[{\"@type\":\"ListItem\",\"position\":1,\"item\":{\"@type\":\"WebPage\",\"@id\":\"https:\/\/paradadasmultas.com.br\/\",\"url\":\"https:\/\/paradadasmultas.com.br\/\",\"name\":\"In\\u00edcio\"}},{\"@type\":\"ListItem\",\"position\":2,\"item\":{\"@type\":\"WebPage\",\"@id\":\"https:\/\/paradadasmultas.com.br\/index.php\/lei-seca\/\",\"url\":\"https:\/\/paradadasmultas.com.br\/index.php\/lei-seca\/\",\"name\":\"Lei Seca Baf\\u00f4metro\"}}]}]}<\/script>\n<!-- \/ Yoast SEO plugin. -->","_links":{"self":[{"href":"https:\/\/paradadasmultas.com.br\/index.php\/wp-json\/wp\/v2\/pages\/18"}],"collection":[{"href":"https:\/\/paradadasmultas.com.br\/index.php\/wp-json\/wp\/v2\/pages"}],"about":[{"href":"https:\/\/paradadasmultas.com.br\/index.php\/wp-json\/wp\/v2\/types\/page"}],"author":[{"embeddable":true,"href":"https:\/\/paradadasmultas.com.br\/index.php\/wp-json\/wp\/v2\/users\/1"}],"replies":[{"embeddable":true,"href":"https:\/\/paradadasmultas.com.br\/index.php\/wp-json\/wp\/v2\/comments?post=18"}],"version-history":[{"count":9,"href":"https:\/\/paradadasmultas.com.br\/index.php\/wp-json\/wp\/v2\/pages\/18\/revisions"}],"predecessor-version":[{"id":297,"href":"https:\/\/paradadasmultas.com.br\/index.php\/wp-json\/wp\/v2\/pages\/18\/revisions\/297"}],"wp:featuredmedia":[{"embeddable":true,"href":"https:\/\/paradadasmultas.com.br\/index.php\/wp-json\/wp\/v2\/media\/287"}],"wp:attachment":[{"href":"https:\/\/paradadasmultas.com.br\/index.php\/wp-json\/wp\/v2\/media?parent=18"}],"curies":[{"name":"wp","href":"https:\/\/api.w.org\/{rel}","templated":true}]}}