{"id":22,"date":"2014-04-26T17:09:37","date_gmt":"2014-04-26T17:09:37","guid":{"rendered":"http:\/\/demo.themegrill.com\/accelerate\/?page_id=22"},"modified":"2020-09-21T15:50:03","modified_gmt":"2020-09-21T18:50:03","slug":"cnh-cassada","status":"publish","type":"page","link":"https:\/\/paradadasmultas.com.br\/index.php\/cnh-cassada\/","title":{"rendered":"CNH Cassada"},"content":{"rendered":"<p><img loading=\"lazy\" class=\"size-medium wp-image-302 alignleft\" src=\"https:\/\/paradadasmultas.com.br\/wp-content\/uploads\/2020\/09\/cnh-cassada-300x165.jpg\" alt=\"\" width=\"300\" height=\"165\" srcset=\"https:\/\/paradadasmultas.com.br\/wp-content\/uploads\/2020\/09\/cnh-cassada-300x165.jpg 300w, https:\/\/paradadasmultas.com.br\/wp-content\/uploads\/2020\/09\/cnh-cassada.jpg 600w\" sizes=\"(max-width: 300px) 100vw, 300px\" \/>A cassa\u00e7\u00e3o da CNH n\u00e3o \u00e9 nada legal e, se isso acontecer com voc\u00ea, voc\u00ea perder\u00e1 a CNH, ou seja, ter\u00e1 que passar por todo o processo de uma nova CNH, como se nunca a tivesse: curso de CFC nas auto escolas, aulas pr\u00e1ticas, prova, enfim.<\/p>\n<p>Vou tratar aqui alguns t\u00f3picos pontuais sobre o que voc\u00ea precisa saber sobre a CNH Cassada.<\/p>\n<p>O primeiro ponto que voc\u00ea precisa saber \u00e9 que a suspens\u00e3o n\u00e3o \u00e9 a mesma coisa que a cassa\u00e7\u00e3o da CNH, a suspens\u00e3o traremos no t\u00f3pico a seguir.<\/p>\n<p>Ficou com alguma d\u00favida? Entre em contato conosco, ficaremos feliz em ajud\u00e1-lo.<\/p>\n<p>O motorista que tem a CNH cassada (art. 263 CTB), vai ficar 2 anos impedido de dirigir, al\u00e9m disso, depois de cumprido o prazo, vai passar por um processo que se chama reabilita\u00e7\u00e3o, ou seja, vai fazer tudo do zero, todos os exames, aulas, aulas pr\u00e1ticas, provas para uma nova CNH, como se fosse a primeira vez.<\/p>\n<p>O pior \u00e9 que al\u00e9m de passar por todo o processo da autoescola, tendo que fazer provas pr\u00e1tica e te\u00f3rica, quando concluir o curso receber\u00e1 a permiss\u00e3o para dirigir novamente. E s\u00f3 depois de um ano poder\u00e1 ter a CNH.<\/p>\n<p>O que causa cassa\u00e7\u00e3o da CNH?<\/p>\n<p>A cassa\u00e7\u00e3o pode ocorrer porque o condutor dirigiu ve\u00edculo durante o per\u00edodo que estava suspenso; quando o condutor for reincidente, ou seja, cometer pela segunda vez dentro do prazo de 12 meses as infra\u00e7\u00f5es contidas no inciso II do artigo 263 do CTB e; quando for condenado judicialmente por algum crime de tr\u00e2nsito.<\/p>\n<p>Para n\u00e3o ter a CNH cassa\u00e7\u00e3o o motorista poder\u00e1 se defender, apresentando provas e argumentos que embasem suas justificativas contra o ato do \u00f3rg\u00e3o.<\/p>\n<p>Mas aten\u00e7\u00e3o, a cassa\u00e7\u00e3o da CNH s\u00f3 pode ser exigida depois de finalizado todo o processo administrativo de cassa\u00e7\u00e3o do direito de dirigir, que \u00e9 instaurado pelo DETRAN.<\/p>\n<p>Por isso, \u00e9 importante que voc\u00ea recorra e mantenha o seu direito de dirigir, ainda mais os motoristas profissionais que dependem da CNH para sobreviver.<\/p>\n<p>Como recorrer?<\/p>\n<p>Do processo de cassa\u00e7\u00e3o pode-se recorrer 3 (tr\u00eas) vezes administrativamente: Defesa Pr\u00e9via, Recurso de 1\u00aa Inst\u00e2ncia (JARI) e o recurso de 2\u00aa Inst\u00e2ncia (CETRAN).<\/p>\n<p>\u00c9 importante recorrer at\u00e9 o final, pois as chances aumentam e as turmas julgadoras ficam mais espec\u00edficas.<\/p>\n<p>Porque nos contratar?<\/p>\n<p>Ao contratar nossos servi\u00e7os suas chances aumentam, uma vez que conhecemos as brechas da lei e as falhas dos \u00f3rg\u00e3os de tr\u00e2nsito, al\u00e9m disso voc\u00ea ter\u00e1 uma defesa personalizada, onde garantiremos o seu amplo direito de defesa para que voc\u00ea continue dirigindo, contando com a melhor assessoria t\u00e9cnica e personalizada sem sair de casa, de forma segura e 100% online.<\/p>\n<p>Ficou com alguma d\u00favida? Entre em contato conosco, ficaremos feliz em ajud\u00e1-lo.<\/p>\n","protected":false},"excerpt":{"rendered":"<p>A cassa\u00e7\u00e3o da CNH n\u00e3o \u00e9 nada legal e, se isso acontecer com voc\u00ea, voc\u00ea perder\u00e1 a CNH, ou seja, ter\u00e1 que passar por todo o processo de uma nova CNH, como se nunca a tivesse: curso de CFC nas auto escolas, aulas pr\u00e1ticas, prova, enfim.<\/p>\n","protected":false},"author":1,"featured_media":302,"parent":0,"menu_order":0,"comment_status":"closed","ping_status":"closed","template":"","meta":{"_et_pb_use_builder":"","_et_pb_old_content":"","_et_gb_content_width":""},"yoast_head":"<!-- This site is optimized with the Yoast SEO plugin v15.9.2 - https:\/\/yoast.com\/wordpress\/plugins\/seo\/ -->\n<title>CNH Cassada - Parada das Multas<\/title>\n<meta name=\"description\" content=\"Queremos selar o compromisso de oferecer a voc\u00ea o melhor recurso para o deferimento da sua multa. Disponibilizamos o (S.A.C) Servi\u00e7o de Atendimento ao Cliente, atrav\u00e9s do WhatsApp (27)99890-9694, voc\u00ea fala diretamente com profissional e esclarece todas as d\u00favidas relacionadas ao assunto totalmente gratuita.\" \/>\n<meta name=\"robots\" content=\"index, follow, max-snippet:-1, max-image-preview:large, max-video-preview:-1\" \/>\n<link rel=\"canonical\" href=\"https:\/\/paradadasmultas.com.br\/index.php\/cnh-cassada\/\" \/>\n<meta property=\"og:locale\" content=\"pt_BR\" \/>\n<meta property=\"og:type\" content=\"article\" \/>\n<meta property=\"og:title\" content=\"CNH Cassada - Parada das Multas\" \/>\n<meta property=\"og:description\" content=\"Queremos selar o compromisso de oferecer a voc\u00ea o melhor recurso para o deferimento da sua multa. Disponibilizamos o (S.A.C) Servi\u00e7o de Atendimento ao Cliente, atrav\u00e9s do WhatsApp (27)99890-9694, voc\u00ea fala diretamente com profissional e esclarece todas as d\u00favidas relacionadas ao assunto totalmente gratuita.\" \/>\n<meta property=\"og:url\" content=\"https:\/\/paradadasmultas.com.br\/index.php\/cnh-cassada\/\" \/>\n<meta property=\"og:site_name\" content=\"Parada das Multas\" \/>\n<meta property=\"article:modified_time\" content=\"2020-09-21T18:50:03+00:00\" \/>\n<meta property=\"og:image\" content=\"https:\/\/paradadasmultas.com.br\/wp-content\/uploads\/2020\/09\/cnh-cassada.jpg\" \/>\n\t<meta property=\"og:image:width\" content=\"600\" \/>\n\t<meta property=\"og:image:height\" content=\"330\" \/>\n<meta name=\"twitter:card\" content=\"summary_large_image\" \/>\n<meta name=\"twitter:label1\" content=\"Est. reading time\">\n\t<meta name=\"twitter:data1\" content=\"2 minutos\">\n<script type=\"application\/ld+json\" class=\"yoast-schema-graph\">{\"@context\":\"https:\/\/schema.org\",\"@graph\":[{\"@type\":\"Organization\",\"@id\":\"https:\/\/paradadasmultas.com.br\/#organization\",\"name\":\"Parada das Multas\",\"url\":\"https:\/\/paradadasmultas.com.br\/\",\"sameAs\":[],\"logo\":{\"@type\":\"ImageObject\",\"@id\":\"https:\/\/paradadasmultas.com.br\/#logo\",\"inLanguage\":\"pt-BR\",\"url\":\"https:\/\/paradadasmultas.com.br\/wp-content\/uploads\/2020\/10\/parada-das-multas-1.png\",\"width\":227,\"height\":120,\"caption\":\"Parada das Multas\"},\"image\":{\"@id\":\"https:\/\/paradadasmultas.com.br\/#logo\"}},{\"@type\":\"WebSite\",\"@id\":\"https:\/\/paradadasmultas.com.br\/#website\",\"url\":\"https:\/\/paradadasmultas.com.br\/\",\"name\":\"Parada das Multas\",\"description\":\"Levou multa e n\\u00e3o sabe como recorrer?\",\"publisher\":{\"@id\":\"https:\/\/paradadasmultas.com.br\/#organization\"},\"potentialAction\":[{\"@type\":\"SearchAction\",\"target\":\"https:\/\/paradadasmultas.com.br\/?s={search_term_string}\",\"query-input\":\"required name=search_term_string\"}],\"inLanguage\":\"pt-BR\"},{\"@type\":\"ImageObject\",\"@id\":\"https:\/\/paradadasmultas.com.br\/index.php\/cnh-cassada\/#primaryimage\",\"inLanguage\":\"pt-BR\",\"url\":\"https:\/\/paradadasmultas.com.br\/wp-content\/uploads\/2020\/09\/cnh-cassada.jpg\",\"width\":600,\"height\":330},{\"@type\":\"WebPage\",\"@id\":\"https:\/\/paradadasmultas.com.br\/index.php\/cnh-cassada\/#webpage\",\"url\":\"https:\/\/paradadasmultas.com.br\/index.php\/cnh-cassada\/\",\"name\":\"CNH Cassada - Parada das Multas\",\"isPartOf\":{\"@id\":\"https:\/\/paradadasmultas.com.br\/#website\"},\"primaryImageOfPage\":{\"@id\":\"https:\/\/paradadasmultas.com.br\/index.php\/cnh-cassada\/#primaryimage\"},\"datePublished\":\"2014-04-26T17:09:37+00:00\",\"dateModified\":\"2020-09-21T18:50:03+00:00\",\"description\":\"Queremos selar o compromisso de oferecer a voc\\u00ea o melhor recurso para o deferimento da sua multa. Disponibilizamos o (S.A.C) Servi\\u00e7o de Atendimento ao Cliente, atrav\\u00e9s do WhatsApp (27)99890-9694, voc\\u00ea fala diretamente com profissional e esclarece todas as d\\u00favidas relacionadas ao assunto totalmente gratuita.\",\"breadcrumb\":{\"@id\":\"https:\/\/paradadasmultas.com.br\/index.php\/cnh-cassada\/#breadcrumb\"},\"inLanguage\":\"pt-BR\",\"potentialAction\":[{\"@type\":\"ReadAction\",\"target\":[\"https:\/\/paradadasmultas.com.br\/index.php\/cnh-cassada\/\"]}]},{\"@type\":\"BreadcrumbList\",\"@id\":\"https:\/\/paradadasmultas.com.br\/index.php\/cnh-cassada\/#breadcrumb\",\"itemListElement\":[{\"@type\":\"ListItem\",\"position\":1,\"item\":{\"@type\":\"WebPage\",\"@id\":\"https:\/\/paradadasmultas.com.br\/\",\"url\":\"https:\/\/paradadasmultas.com.br\/\",\"name\":\"In\\u00edcio\"}},{\"@type\":\"ListItem\",\"position\":2,\"item\":{\"@type\":\"WebPage\",\"@id\":\"https:\/\/paradadasmultas.com.br\/index.php\/cnh-cassada\/\",\"url\":\"https:\/\/paradadasmultas.com.br\/index.php\/cnh-cassada\/\",\"name\":\"CNH Cassada\"}}]}]}<\/script>\n<!-- \/ Yoast SEO plugin. -->","_links":{"self":[{"href":"https:\/\/paradadasmultas.com.br\/index.php\/wp-json\/wp\/v2\/pages\/22"}],"collection":[{"href":"https:\/\/paradadasmultas.com.br\/index.php\/wp-json\/wp\/v2\/pages"}],"about":[{"href":"https:\/\/paradadasmultas.com.br\/index.php\/wp-json\/wp\/v2\/types\/page"}],"author":[{"embeddable":true,"href":"https:\/\/paradadasmultas.com.br\/index.php\/wp-json\/wp\/v2\/users\/1"}],"replies":[{"embeddable":true,"href":"https:\/\/paradadasmultas.com.br\/index.php\/wp-json\/wp\/v2\/comments?post=22"}],"version-history":[{"count":1,"href":"https:\/\/paradadasmultas.com.br\/index.php\/wp-json\/wp\/v2\/pages\/22\/revisions"}],"predecessor-version":[{"id":303,"href":"https:\/\/paradadasmultas.com.br\/index.php\/wp-json\/wp\/v2\/pages\/22\/revisions\/303"}],"wp:featuredmedia":[{"embeddable":true,"href":"https:\/\/paradadasmultas.com.br\/index.php\/wp-json\/wp\/v2\/media\/302"}],"wp:attachment":[{"href":"https:\/\/paradadasmultas.com.br\/index.php\/wp-json\/wp\/v2\/media?parent=22"}],"curies":[{"name":"wp","href":"https:\/\/api.w.org\/{rel}","templated":true}]}}