{"id":401,"date":"2020-10-13T20:02:37","date_gmt":"2020-10-13T23:02:37","guid":{"rendered":"https:\/\/paradadasmultas.com.br\/?page_id=401"},"modified":"2021-08-19T21:03:27","modified_gmt":"2021-08-20T00:03:27","slug":"escritorio","status":"publish","type":"page","link":"https:\/\/paradadasmultas.com.br\/index.php\/escritorio\/","title":{"rendered":"Escrit\u00f3rio"},"content":{"rendered":"<p>[et_pb_section fb_built=&#8221;1&#8243; fullwidth=&#8221;on&#8221; admin_label=&#8221;Hero&#8221; _builder_version=&#8221;3.22&#8243; background_color=&#8221;#2d2d2d&#8221; use_background_color_gradient=&#8221;on&#8221; background_color_gradient_start=&#8221;rgba(25,36,45,0.7)&#8221; background_color_gradient_end=&#8221;#19242d&#8221; background_color_gradient_direction=&#8221;140deg&#8221; background_color_gradient_overlays_image=&#8221;on&#8221; background_image=&#8221;https:\/\/paradadasmultas.com.br\/wp-content\/uploads\/2021\/04\/movers-08.jpg&#8221; custom_padding=&#8221;||||true&#8221;][et_pb_fullwidth_header title=&#8221;O ESCRIT\u00d3RIO  PARADA DAS MULTAS&#8221; text_orientation=&#8221;center&#8221; button_one_text=&#8221;Conhe\u00e7a&#8221; button_one_url=&#8221;#abaixo1&#8243; _builder_version=&#8221;4.9.2&#8243; title_font=&#8221;Oswald|500|||||||&#8221; title_font_size=&#8221;56px&#8221; title_line_height=&#8221;1.4em&#8221; content_font=&#8221;||||||||&#8221; content_font_size=&#8221;18px&#8221; content_line_height=&#8221;2em&#8221; background_color=&#8221;rgba(0,0,0,0)&#8221; custom_button_one=&#8221;on&#8221; button_one_text_size=&#8221;16px&#8221; button_one_text_color=&#8221;#ffffff&#8221; button_one_bg_color=&#8221;#e0aa25&#8243; button_one_border_width=&#8221;8px&#8221; button_one_border_color=&#8221;rgba(0,0,0,0)&#8221; button_one_border_radius=&#8221;0px&#8221; button_one_letter_spacing=&#8221;3px&#8221; button_one_font=&#8221;Montserrat|||on|||||&#8221; button_one_use_icon=&#8221;off&#8221; custom_button_two=&#8221;on&#8221; button_two_text_size=&#8221;16px&#8221; button_two_text_color=&#8221;#ffffff&#8221; button_two_bg_color=&#8221;#e0aa25&#8243; button_two_border_width=&#8221;8px&#8221; button_two_border_color=&#8221;rgba(0,0,0,0)&#8221; button_two_border_radius=&#8221;0px&#8221; button_two_letter_spacing=&#8221;3px&#8221; button_two_font=&#8221;Montserrat|||on|||||&#8221; button_two_use_icon=&#8221;off&#8221; custom_padding=&#8221;||80px||false&#8221; hover_enabled=&#8221;0&#8243; title_font_size_tablet=&#8221;46px&#8221; title_font_size_phone=&#8221;36px&#8221; title_font_size_last_edited=&#8221;on|phone&#8221; content_font_size_tablet=&#8221;&#8221; content_font_size_phone=&#8221;15px&#8221; content_font_size_last_edited=&#8221;on|phone&#8221; button_one_border_radius_hover=&#8221;0px&#8221; button_two_border_radius_hover=&#8221;0px&#8221; button_one_letter_spacing_hover=&#8221;3px&#8221; button_two_letter_spacing_hover=&#8221;3px&#8221; button_one_bg_color_hover=&#8221;rgba(193,62,51,0.9)&#8221; button_two_bg_color_hover=&#8221;rgba(193,62,51,0.9)&#8221; button_one_text_size__hover_enabled=&#8221;off&#8221; button_two_text_size__hover_enabled=&#8221;off&#8221; button_one_text_color__hover_enabled=&#8221;off&#8221; button_two_text_color__hover_enabled=&#8221;off&#8221; button_one_border_width__hover_enabled=&#8221;off&#8221; button_two_border_width__hover_enabled=&#8221;off&#8221; button_one_border_color__hover_enabled=&#8221;off&#8221; button_two_border_color__hover_enabled=&#8221;off&#8221; button_one_border_radius__hover_enabled=&#8221;on&#8221; button_one_border_radius__hover=&#8221;0px&#8221; button_two_border_radius__hover_enabled=&#8221;on&#8221; button_two_border_radius__hover=&#8221;0px&#8221; button_one_letter_spacing__hover_enabled=&#8221;on&#8221; button_one_letter_spacing__hover=&#8221;3px&#8221; button_two_letter_spacing__hover_enabled=&#8221;on&#8221; button_two_letter_spacing__hover=&#8221;3px&#8221; button_one_bg_color__hover_enabled=&#8221;on&#8221; button_one_bg_color__hover=&#8221;rgba(193,62,51,0.9)&#8221; button_two_bg_color__hover_enabled=&#8221;on&#8221; button_two_bg_color__hover=&#8221;rgba(193,62,51,0.9)&#8221; sticky_enabled=&#8221;0&#8243;]<\/p>\n<p>Conta com profissionais altamente qualificados e atualizados com as mudan\u00e7as no C\u00f3digo de Tr\u00e2nsito Brasileiro (CTB).<\/p>\n<p>Oferecemos cursos especificos EAD, para dar maior comodidade aos nossos clientes.<\/p>\n<p>[\/et_pb_fullwidth_header][\/et_pb_section][et_pb_section fb_built=&#8221;1&#8243; admin_label=&#8221;Services&#8221; module_id=&#8221;abaixo1&#8243; _builder_version=&#8221;4.9.2&#8243; custom_padding=&#8221;54px|0px|0px|0px|false|false&#8221;][et_pb_row column_structure=&#8221;1_3,1_3,1_3&#8243; _builder_version=&#8221;4.9.2&#8243; custom_margin=&#8221;|auto|-1px|auto||&#8221;][et_pb_column type=&#8221;1_3&#8243; _builder_version=&#8221;3.25&#8243; custom_padding=&#8221;|||&#8221; custom_padding__hover=&#8221;|||&#8221;][et_pb_blurb title=&#8221;An\u00e1lise de qualidade&#8221; image=&#8221;https:\/\/paradadasmultas.com.br\/wp-content\/uploads\/2021\/04\/ANALISE-DE-QUALIDADE3-scaled.jpg&#8221; _builder_version=&#8221;4.9.2&#8243; header_font=&#8221;Oswald|600||on|||||&#8221; header_font_size=&#8221;18px&#8221; header_line_height=&#8221;1.5em&#8221; body_font=&#8221;||||||||&#8221; body_font_size=&#8221;16px&#8221; body_line_height=&#8221;2em&#8221; text_orientation=&#8221;center&#8221; custom_margin=&#8221;||30px|&#8221; animation_style=&#8221;slide&#8221; animation_direction=&#8221;left&#8221; animation_intensity_slide=&#8221;10%&#8221; animation=&#8221;off&#8221; body_font_size_tablet=&#8221;&#8221; body_font_size_phone=&#8221;15px&#8221; body_font_size_last_edited=&#8221;on|phone&#8221;]<\/p>\n<p>Cada caso \u00e9 analisado detalhadamente e a defesa \u00e9 personalizada com a melhor estrat\u00e9gia que o caso requer, seja voc\u00ea pessoa f\u00edsica ou jur\u00eddica. Se voc\u00ea foi multado, teve sua CNH suspensa ou cassada, fique tranquilo.<\/p>\n<p>[\/et_pb_blurb][\/et_pb_column][et_pb_column type=&#8221;1_3&#8243; _builder_version=&#8221;3.25&#8243; custom_padding=&#8221;|||&#8221; custom_padding__hover=&#8221;|||&#8221;][et_pb_blurb title=&#8221;Equipe profissional&#8221; image=&#8221;https:\/\/paradadasmultas.com.br\/wp-content\/uploads\/2021\/04\/EQUIPE-PROF.-scaled.jpg&#8221; _builder_version=&#8221;4.9.2&#8243; header_font=&#8221;Oswald|600||on|||||&#8221; header_font_size=&#8221;18px&#8221; header_line_height=&#8221;1.5em&#8221; body_font=&#8221;||||||||&#8221; body_font_size=&#8221;16px&#8221; body_line_height=&#8221;2em&#8221; text_orientation=&#8221;center&#8221; custom_margin=&#8221;||30px|&#8221; animation_style=&#8221;slide&#8221; animation_direction=&#8221;left&#8221; animation_delay=&#8221;150ms&#8221; animation_intensity_slide=&#8221;10%&#8221; animation=&#8221;off&#8221; body_font_size_tablet=&#8221;&#8221; body_font_size_phone=&#8221;15px&#8221; body_font_size_last_edited=&#8221;on|phone&#8221;]<\/p>\n<p>Nosso escrit\u00f3rio tem o objetivo prestar assessoria e consultoria administrativa\u00a0na \u00e1rea de\u00a0Direito de Tr\u00e2nsito e Processo Administrativo de Tr\u00e2nsito,\u00a0tendo equipe\u00a0devidamente especializada\u00a0e apta\u00a0a trabalhar desde quest\u00f5es mais simples, at\u00e9 casos complexos que exigem o envolvimento de profissionais de forma aprofundada.<\/p>\n<p>[\/et_pb_blurb][\/et_pb_column][et_pb_column type=&#8221;1_3&#8243; _builder_version=&#8221;3.25&#8243; custom_padding=&#8221;|||&#8221; custom_padding__hover=&#8221;|||&#8221;][et_pb_blurb title=&#8221;Efic\u00e1cia e clareza&#8221; image=&#8221;https:\/\/paradadasmultas.com.br\/wp-content\/uploads\/2021\/04\/IDEIA1-scaled.jpg&#8221; _builder_version=&#8221;4.9.2&#8243; header_font=&#8221;Oswald|600||on|||||&#8221; header_font_size=&#8221;18px&#8221; header_line_height=&#8221;1.5em&#8221; body_font=&#8221;||||||||&#8221; body_font_size=&#8221;16px&#8221; body_line_height=&#8221;2em&#8221; text_orientation=&#8221;center&#8221; custom_margin=&#8221;||30px|&#8221; animation_style=&#8221;slide&#8221; animation_direction=&#8221;left&#8221; animation_delay=&#8221;300ms&#8221; animation_intensity_slide=&#8221;10%&#8221; animation=&#8221;off&#8221; body_font_size_tablet=&#8221;&#8221; body_font_size_phone=&#8221;15px&#8221; body_font_size_last_edited=&#8221;on|phone&#8221;]<\/p>\n<p>Orientamos na seara de tr\u00e2nsito, de forma simples e direta para nossos clientes,\u00a0a melhor op\u00e7\u00e3o e maior conhecimento quanto a complexa legisla\u00e7\u00e3o de tr\u00e2nsito.<\/p>\n<p>[\/et_pb_blurb][\/et_pb_column][\/et_pb_row][et_pb_row _builder_version=&#8221;4.9.2&#8243; _module_preset=&#8221;default&#8221; custom_margin=&#8221;|auto|-34px|auto||&#8221;][et_pb_column type=&#8221;4_4&#8243; _builder_version=&#8221;4.9.2&#8243; _module_preset=&#8221;default&#8221;][et_pb_blurb title=&#8221;Nossa atua\u00e7\u00e3o processos administrativos: &#8221; image=&#8221;https:\/\/paradadasmultas.com.br\/wp-content\/uploads\/2020\/09\/parada-das-multas-favicon.png&#8221; _builder_version=&#8221;4.9.2&#8243; header_font=&#8221;Oswald|600||on|||||&#8221; header_text_align=&#8221;center&#8221; header_font_size=&#8221;18px&#8221; header_line_height=&#8221;1.5em&#8221; body_font=&#8221;||||||||&#8221; body_font_size=&#8221;16px&#8221; body_line_height=&#8221;2em&#8221; width=&#8221;100%&#8221; custom_margin=&#8221;||30px|&#8221; animation_style=&#8221;slide&#8221; animation_direction=&#8221;left&#8221; animation_delay=&#8221;150ms&#8221; animation_intensity_slide=&#8221;10%&#8221; animation=&#8221;off&#8221; hover_enabled=&#8221;0&#8243; body_font_size_tablet=&#8221;&#8221; body_font_size_phone=&#8221;15px&#8221; body_font_size_last_edited=&#8221;on|phone&#8221; sticky_enabled=&#8221;0&#8243;]<\/p>\n<ul>\n<li style=\"text-align: justify;\">Atuamos na elabora\u00e7\u00e3o da Defesa Pr\u00e9via;<\/li>\n<li style=\"text-align: justify;\">Recurso de 1\u00aa inst\u00e2ncia junto \u00e0 JARI;<\/li>\n<li style=\"text-align: justify;\">Recurso de 2\u00aa inst\u00e2ncia, atuando de forma on-line em todo Brasil;<\/li>\n<li style=\"text-align: justify;\">Protocolos;<\/li>\n<li style=\"text-align: justify;\">Dilig\u00eancias ao \u00f3rg\u00e3o de tr\u00e2nsito caso necess\u00e1rio;<\/li>\n<li style=\"text-align: justify;\">Acompanhamento Processual;<\/li>\n<li style=\"text-align: justify;\">Certid\u00e3o Nada consta;<\/li>\n<li style=\"text-align: justify;\">Acompanhamento de Prazos Recursais Administrativos e demais procedimentos junto ao \u00f3rg\u00e3o de tr\u00e2nsito.<\/li>\n<\/ul>\n<p>[\/et_pb_blurb][et_pb_blurb title=&#8221;Nossa atua\u00e7\u00e3o processos administrativos: &#8221; image=&#8221;https:\/\/paradadasmultas.com.br\/wp-content\/uploads\/2020\/09\/parada-das-multas-favicon.png&#8221; _builder_version=&#8221;4.9.2&#8243; header_font=&#8221;Oswald|600||on|||||&#8221; header_text_align=&#8221;center&#8221; header_font_size=&#8221;18px&#8221; header_line_height=&#8221;1.5em&#8221; body_font=&#8221;||||||||&#8221; body_font_size=&#8221;16px&#8221; body_line_height=&#8221;2em&#8221; width=&#8221;100%&#8221; custom_margin=&#8221;||30px|&#8221; animation_style=&#8221;slide&#8221; animation_direction=&#8221;left&#8221; animation_delay=&#8221;150ms&#8221; animation_intensity_slide=&#8221;10%&#8221; animation=&#8221;off&#8221; body_font_size_tablet=&#8221;&#8221; body_font_size_phone=&#8221;15px&#8221; body_font_size_last_edited=&#8221;on|phone&#8221;]<\/p>\n<ul>\n<li style=\"text-align: justify;\"><strong>Curso de Reciclagem de CNH 100%, EAD, no Estado do Espirito Santo e Rio de Janeiro;<\/strong><\/li>\n<li style=\"text-align: justify;\">Curso para Condutores de Ve\u00edculos de Transporte coletivo de passageiros;<\/li>\n<li style=\"text-align: justify;\">Curso para Condutores de Ve\u00edculos de Transporte de Escolar;<\/li>\n<li style=\"text-align: justify;\">Curso para Condutores de Ve\u00edculos de Transporte de Produtos Perigosos;<\/li>\n<li style=\"text-align: justify;\">Curso para Condutores de Ve\u00edculos de Emerg\u00eancia;<\/li>\n<li style=\"text-align: justify;\">Curso para Condutores de Ve\u00edculos de Transporte de Carga Indivis\u00edvel;<\/li>\n<li style=\"text-align: justify;\">Curso de Atualiza\u00e7\u00e3o para Condutores de Ve\u00edculos de Transporte coletivo de passageiros;<\/li>\n<li style=\"text-align: justify;\">Curso de Atualiza\u00e7\u00e3o para Condutores de Ve\u00edculos de Transporte de Escolares;<\/li>\n<li style=\"text-align: justify;\">Curso de Atualiza\u00e7\u00e3o para condutores de Ve\u00edculos de Transporte de Produtos Perigosos;<\/li>\n<li style=\"text-align: justify;\">Curso de Atualiza\u00e7\u00e3o para Condutores de Ve\u00edculos de Emerg\u00eancia;<\/li>\n<li style=\"text-align: justify;\">Curso de Atualiza\u00e7\u00e3o para Condutores de Ve\u00edculos de Transporte de Carga Indivis\u00edvel.<\/li>\n<\/ul>\n<p>[\/et_pb_blurb][\/et_pb_column][\/et_pb_row][\/et_pb_section][et_pb_section fb_built=&#8221;1&#8243; admin_label=&#8221;Locations&#8221; _builder_version=&#8221;3.22&#8243; min_height=&#8221;188px&#8221; custom_padding=&#8221;0px|||||&#8221;][et_pb_row _builder_version=&#8221;3.25&#8243;][et_pb_column type=&#8221;4_4&#8243; _builder_version=&#8221;3.25&#8243; custom_padding=&#8221;|||&#8221; custom_padding__hover=&#8221;|||&#8221;][et_pb_text _builder_version=&#8221;4.9.2&#8243; text_font=&#8221;||||||||&#8221; text_font_size=&#8221;18px&#8221; text_line_height=&#8221;2em&#8221; header_font=&#8221;||||||||&#8221; header_2_font=&#8221;Oswald|500|||||||&#8221; header_2_font_size=&#8221;46px&#8221; header_2_line_height=&#8221;1.4em&#8221; text_orientation=&#8221;center&#8221; max_width=&#8221;700px&#8221; module_alignment=&#8221;center&#8221; text_font_size_tablet=&#8221;&#8221; text_font_size_phone=&#8221;15px&#8221; text_font_size_last_edited=&#8221;on|phone&#8221; header_2_font_size_tablet=&#8221;46px&#8221; header_2_font_size_phone=&#8221;36px&#8221; header_2_font_size_last_edited=&#8221;on|phone&#8221;]<\/p>\n<h2>Onde atuamos?<\/h2>\n<p><strong>TODO o Brasil 100% online!<\/strong><\/p>\n<p>[\/et_pb_text][\/et_pb_column][\/et_pb_row][\/et_pb_section]<\/p>\n","protected":false},"excerpt":{"rendered":"<p>[et_pb_section fb_built=&#8221;1&#8243; fullwidth=&#8221;on&#8221; admin_label=&#8221;Hero&#8221; _builder_version=&#8221;3.22&#8243; background_color=&#8221;#2d2d2d&#8221; use_background_color_gradient=&#8221;on&#8221; background_color_gradient_start=&#8221;rgba(25,36,45,0.7)&#8221; background_color_gradient_end=&#8221;#19242d&#8221; background_color_gradient_direction=&#8221;140deg&#8221; background_color_gradient_overlays_image=&#8221;on&#8221; background_image=&#8221;https:\/\/paradadasmultas.com.br\/wp-content\/uploads\/2021\/04\/movers-08.jpg&#8221; custom_padding=&#8221;||||true&#8221;][et_pb_fullwidth_header title=&#8221;O ESCRIT\u00d3RIO PARADA DAS MULTAS&#8221; text_orientation=&#8221;center&#8221; button_one_text=&#8221;Conhe\u00e7a&#8221; button_one_url=&#8221;#abaixo1&#8243; _builder_version=&#8221;4.9.2&#8243; title_font=&#8221;Oswald|500|||||||&#8221; title_font_size=&#8221;56px&#8221; title_line_height=&#8221;1.4em&#8221; content_font=&#8221;||||||||&#8221; content_font_size=&#8221;18px&#8221; content_line_height=&#8221;2em&#8221; background_color=&#8221;rgba(0,0,0,0)&#8221; custom_button_one=&#8221;on&#8221; button_one_text_size=&#8221;16px&#8221; button_one_text_color=&#8221;#ffffff&#8221; button_one_bg_color=&#8221;#e0aa25&#8243; button_one_border_width=&#8221;8px&#8221; button_one_border_color=&#8221;rgba(0,0,0,0)&#8221; button_one_border_radius=&#8221;0px&#8221; button_one_letter_spacing=&#8221;3px&#8221; button_one_font=&#8221;Montserrat|||on|||||&#8221; button_one_use_icon=&#8221;off&#8221; custom_button_two=&#8221;on&#8221; button_two_text_size=&#8221;16px&#8221; button_two_text_color=&#8221;#ffffff&#8221; button_two_bg_color=&#8221;#e0aa25&#8243; button_two_border_width=&#8221;8px&#8221; button_two_border_color=&#8221;rgba(0,0,0,0)&#8221; button_two_border_radius=&#8221;0px&#8221; button_two_letter_spacing=&#8221;3px&#8221; button_two_font=&#8221;Montserrat|||on|||||&#8221; button_two_use_icon=&#8221;off&#8221; custom_padding=&#8221;||80px||false&#8221; hover_enabled=&#8221;0&#8243; title_font_size_tablet=&#8221;46px&#8221; title_font_size_phone=&#8221;36px&#8221; title_font_size_last_edited=&#8221;on|phone&#8221; content_font_size_tablet=&#8221;&#8221; [&hellip;]<\/p>\n","protected":false},"author":1,"featured_media":0,"parent":0,"menu_order":0,"comment_status":"closed","ping_status":"closed","template":"","meta":{"_et_pb_use_builder":"on","_et_pb_old_content":"<!-- wp:paragraph -->\n<p><strong><span style=\"color:#0b1598\" class=\"has-inline-color\">O ESCRIT\u00d3RIO | PARADA DAS MULTAS<\/span><\/strong><\/p>\n<!-- \/wp:paragraph -->\n\n<!-- wp:paragraph -->\n<p><span style=\"color:#070f7c\" class=\"has-inline-color\">Conta com profissionais altamente qualificados e atualizados com as mudan\u00e7as no C\u00f3digo de Tr\u00e2nsito Brasileiro (CTB).<\/span><\/p>\n<!-- \/wp:paragraph -->\n\n<!-- wp:paragraph -->\n<p><span style=\"color:#080a6f\" class=\"has-inline-color\">&nbsp;Cada caso \u00e9 analisado detalhadamente e a defesa \u00e9 personalizada com a melhor estrat\u00e9gia que o caso requer, seja voc\u00ea pessoa f\u00edsica ou jur\u00eddica. Se voc\u00ea foi multado, teve sua CNH suspensa ou cassada, fique tranquilo.<\/span><\/p>\n<!-- \/wp:paragraph -->\n\n<!-- wp:paragraph -->\n<p><span style=\"color:#061668\" class=\"has-inline-color\">Nosso escrit\u00f3rio tem o objetivo prestar assessoria e consultoria administrativa&nbsp;na \u00e1rea de<\/span>&nbsp;<span style=\"color:#0b187a\" class=\"has-inline-color\"><strong>Direito de Tr\u00e2nsito e Processo Administrativo de Tr\u00e2nsito<\/strong>,<\/span><span style=\"color:#0f288d\" class=\"has-inline-color\">&nbsp;tendo <\/span><strong><a href=\"https:\/\/www.rcsdireitodetransito.com.br\/equipe\"><span style=\"color:#0c1a89\" class=\"has-inline-color\">equipe&nbsp;devidamente especializada<\/span><\/a><\/strong><span style=\"color:#0d0a92\" class=\"has-inline-color\">&nbsp;e apta&nbsp;a trabalhar desde quest\u00f5es mais simples, at\u00e9 casos complexos que exigem o envolvimento de profissionais de forma aprofundada.<\/span><\/p>\n<!-- \/wp:paragraph -->\n\n<!-- wp:paragraph -->\n<p><span style=\"color:#081188\" class=\"has-inline-color\">Proporcionamos aos nossos&nbsp;clientes uma experi\u00eancia mais din\u00e2mica ao caso concreto,<\/span>&nbsp;<span style=\"color:#071b81\" class=\"has-inline-color\"><strong>oferecendo um suporte especializado e transpar\u00eancia nos servi\u00e7os.<\/strong>&nbsp;\u200b<\/span><\/p>\n<!-- \/wp:paragraph -->\n\n<!-- wp:paragraph -->\n<p><span style=\"color:#07117f\" class=\"has-inline-color\">Orientamos na seara de tr\u00e2nsito, de forma simples e direta para nossos clientes,&nbsp;a melhor op\u00e7\u00e3o e maior conhecimento quanto a complexa legisla\u00e7\u00e3o de tr\u00e2nsito.<\/span><\/p>\n<!-- \/wp:paragraph -->\n\n<!-- wp:paragraph -->\n<p><span style=\"color:#0a2387\" class=\"has-inline-color\"><strong>Atuamos na elabora\u00e7\u00e3o da Defesa Pr\u00e9via | Recurso de 1\u00aa inst\u00e2ncia junto \u00e0 JARI | Recurso de 2\u00aa inst\u00e2ncia, atuando de forma on-line em todo Brasil | Protocolos | Dilig\u00eancias ao \u00f3rg\u00e3o de tr\u00e2nsito caso necess\u00e1rio | Acompanhamento Processual | Curso de Reciclagem de CNH 100%, EAD | Certid\u00e3o Nada consta | Acompanhamento de Prazos Recursais Administrativos e demais procedimentos junto ao \u00f3rg\u00e3o de tr\u00e2nsito.<\/strong><\/span><\/p>\n<!-- \/wp:paragraph -->\n\n<!-- wp:paragraph -->\n<p><span style=\"color:#080c77\" class=\"has-inline-color\"><strong>Atuando ainda, para&nbsp;pessoas f\u00edsicas e pessoas jur\u00eddicas<\/strong>,&nbsp;<strong>associa\u00e7\u00f5es, cooperativas e empresas ligadas a \u00e1rea de transporte, ofertando palestras, e demais servi\u00e7os em Direito de Tr\u00e2nsito e Processo Administrativo de Tr\u00e2nsito.<\/strong><\/span><\/p>\n<!-- \/wp:paragraph -->\n\n<!-- wp:paragraph -->\n<p><span style=\"color:#0d077e\" class=\"has-inline-color\">Por fim,<\/span><span style=\"color:#0a1389\" class=\"has-inline-color\">&nbsp;<\/span><strong>t<span style=\"color:#0b1e84\" class=\"has-inline-color\">oda a pe\u00e7a processual \u00e9 elaborada e personalizada de forma individualizada<\/span><\/strong>,&nbsp;<span style=\"color:#060a7e\" class=\"has-inline-color\">com base na vasta jurisprud\u00eancia administrativa e judicial, e, fundamentada na boa doutrina, observando os fatos do ato administrativo gerador da infra\u00e7\u00e3o ou do processo administrativo, visando buscar eventuais falhas, inconsist\u00eancias, defeitos ou v\u00edcios praticados no auto de infra\u00e7\u00e3o ou mesmo no procedimento administrativo.<\/span><\/p>\n<!-- \/wp:paragraph -->\n\n<!-- wp:paragraph -->\n<p>\u200b<\/p>\n<!-- \/wp:paragraph -->\n\n<!-- wp:paragraph -->\n<p>\u200b<\/p>\n<!-- \/wp:paragraph -->","_et_gb_content_width":""},"yoast_head":"<!-- This site is optimized with the Yoast SEO plugin v15.9.2 - https:\/\/yoast.com\/wordpress\/plugins\/seo\/ -->\n<title>Escrit\u00f3rio - Parada das Multas<\/title>\n<meta name=\"description\" content=\"Queremos selar o compromisso de oferecer a voc\u00ea o melhor recurso para o deferimento da sua multa. Disponibilizamos o (S.A.C) Servi\u00e7o de Atendimento ao Cliente, atrav\u00e9s do WhatsApp (27)99890-9694, voc\u00ea fala diretamente com profissional e esclarece todas as d\u00favidas relacionadas ao assunto totalmente gratuita.\" \/>\n<meta name=\"robots\" content=\"index, follow, max-snippet:-1, max-image-preview:large, max-video-preview:-1\" \/>\n<link rel=\"canonical\" href=\"https:\/\/paradadasmultas.com.br\/index.php\/escritorio\/\" \/>\n<meta property=\"og:locale\" content=\"pt_BR\" \/>\n<meta property=\"og:type\" content=\"article\" \/>\n<meta property=\"og:title\" content=\"Escrit\u00f3rio - Parada das Multas\" \/>\n<meta property=\"og:description\" content=\"Queremos selar o compromisso de oferecer a voc\u00ea o melhor recurso para o deferimento da sua multa. Disponibilizamos o (S.A.C) Servi\u00e7o de Atendimento ao Cliente, atrav\u00e9s do WhatsApp (27)99890-9694, voc\u00ea fala diretamente com profissional e esclarece todas as d\u00favidas relacionadas ao assunto totalmente gratuita.\" \/>\n<meta property=\"og:url\" content=\"https:\/\/paradadasmultas.com.br\/index.php\/escritorio\/\" \/>\n<meta property=\"og:site_name\" content=\"Parada das Multas\" \/>\n<meta property=\"article:modified_time\" content=\"2021-08-20T00:03:27+00:00\" \/>\n<meta name=\"twitter:card\" content=\"summary_large_image\" \/>\n<meta name=\"twitter:label1\" content=\"Est. reading time\">\n\t<meta name=\"twitter:data1\" content=\"2 minutos\">\n<script type=\"application\/ld+json\" class=\"yoast-schema-graph\">{\"@context\":\"https:\/\/schema.org\",\"@graph\":[{\"@type\":\"Organization\",\"@id\":\"https:\/\/paradadasmultas.com.br\/#organization\",\"name\":\"Parada das Multas\",\"url\":\"https:\/\/paradadasmultas.com.br\/\",\"sameAs\":[],\"logo\":{\"@type\":\"ImageObject\",\"@id\":\"https:\/\/paradadasmultas.com.br\/#logo\",\"inLanguage\":\"pt-BR\",\"url\":\"https:\/\/paradadasmultas.com.br\/wp-content\/uploads\/2020\/10\/parada-das-multas-1.png\",\"width\":227,\"height\":120,\"caption\":\"Parada das Multas\"},\"image\":{\"@id\":\"https:\/\/paradadasmultas.com.br\/#logo\"}},{\"@type\":\"WebSite\",\"@id\":\"https:\/\/paradadasmultas.com.br\/#website\",\"url\":\"https:\/\/paradadasmultas.com.br\/\",\"name\":\"Parada das Multas\",\"description\":\"Levou multa e n\\u00e3o sabe como recorrer?\",\"publisher\":{\"@id\":\"https:\/\/paradadasmultas.com.br\/#organization\"},\"potentialAction\":[{\"@type\":\"SearchAction\",\"target\":\"https:\/\/paradadasmultas.com.br\/?s={search_term_string}\",\"query-input\":\"required name=search_term_string\"}],\"inLanguage\":\"pt-BR\"},{\"@type\":\"WebPage\",\"@id\":\"https:\/\/paradadasmultas.com.br\/index.php\/escritorio\/#webpage\",\"url\":\"https:\/\/paradadasmultas.com.br\/index.php\/escritorio\/\",\"name\":\"Escrit\\u00f3rio - Parada das Multas\",\"isPartOf\":{\"@id\":\"https:\/\/paradadasmultas.com.br\/#website\"},\"datePublished\":\"2020-10-13T23:02:37+00:00\",\"dateModified\":\"2021-08-20T00:03:27+00:00\",\"description\":\"Queremos selar o compromisso de oferecer a voc\\u00ea o melhor recurso para o deferimento da sua multa. Disponibilizamos o (S.A.C) Servi\\u00e7o de Atendimento ao Cliente, atrav\\u00e9s do WhatsApp (27)99890-9694, voc\\u00ea fala diretamente com profissional e esclarece todas as d\\u00favidas relacionadas ao assunto totalmente gratuita.\",\"breadcrumb\":{\"@id\":\"https:\/\/paradadasmultas.com.br\/index.php\/escritorio\/#breadcrumb\"},\"inLanguage\":\"pt-BR\",\"potentialAction\":[{\"@type\":\"ReadAction\",\"target\":[\"https:\/\/paradadasmultas.com.br\/index.php\/escritorio\/\"]}]},{\"@type\":\"BreadcrumbList\",\"@id\":\"https:\/\/paradadasmultas.com.br\/index.php\/escritorio\/#breadcrumb\",\"itemListElement\":[{\"@type\":\"ListItem\",\"position\":1,\"item\":{\"@type\":\"WebPage\",\"@id\":\"https:\/\/paradadasmultas.com.br\/\",\"url\":\"https:\/\/paradadasmultas.com.br\/\",\"name\":\"In\\u00edcio\"}},{\"@type\":\"ListItem\",\"position\":2,\"item\":{\"@type\":\"WebPage\",\"@id\":\"https:\/\/paradadasmultas.com.br\/index.php\/escritorio\/\",\"url\":\"https:\/\/paradadasmultas.com.br\/index.php\/escritorio\/\",\"name\":\"Escrit\\u00f3rio\"}}]}]}<\/script>\n<!-- \/ Yoast SEO plugin. -->","_links":{"self":[{"href":"https:\/\/paradadasmultas.com.br\/index.php\/wp-json\/wp\/v2\/pages\/401"}],"collection":[{"href":"https:\/\/paradadasmultas.com.br\/index.php\/wp-json\/wp\/v2\/pages"}],"about":[{"href":"https:\/\/paradadasmultas.com.br\/index.php\/wp-json\/wp\/v2\/types\/page"}],"author":[{"embeddable":true,"href":"https:\/\/paradadasmultas.com.br\/index.php\/wp-json\/wp\/v2\/users\/1"}],"replies":[{"embeddable":true,"href":"https:\/\/paradadasmultas.com.br\/index.php\/wp-json\/wp\/v2\/comments?post=401"}],"version-history":[{"count":17,"href":"https:\/\/paradadasmultas.com.br\/index.php\/wp-json\/wp\/v2\/pages\/401\/revisions"}],"predecessor-version":[{"id":1712,"href":"https:\/\/paradadasmultas.com.br\/index.php\/wp-json\/wp\/v2\/pages\/401\/revisions\/1712"}],"wp:attachment":[{"href":"https:\/\/paradadasmultas.com.br\/index.php\/wp-json\/wp\/v2\/media?parent=401"}],"curies":[{"name":"wp","href":"https:\/\/api.w.org\/{rel}","templated":true}]}}