{"id":83,"date":"2014-05-31T12:47:12","date_gmt":"2014-05-31T12:47:12","guid":{"rendered":"http:\/\/demo.themegrill.com\/accelerate\/?page_id=83"},"modified":"2020-09-21T16:20:05","modified_gmt":"2020-09-21T19:20:05","slug":"notificado-sua-suspensao-da-cnh","status":"publish","type":"page","link":"https:\/\/paradadasmultas.com.br\/index.php\/notificado-sua-suspensao-da-cnh\/","title":{"rendered":"N\u00e3o foi Notificado, sua Suspens\u00e3o da CNH pode ser Anulada!"},"content":{"rendered":"<p class=\"paragraph ng-attr-widget\">Vamos come\u00e7ar do come\u00e7o.<br \/>\nPrimeiro preciso te falar o que \u00e9 suspens\u00e3o da CNH ou suspens\u00e3o do direito de dirigir. A suspens\u00e3o da CNH est\u00e1 prevista no artigo 256, III do CTB. Ela \u00e9 uma penalidade que pode ser aplicada al\u00e9m das multas e da advert\u00eancia por escrito. Ela acontece quando o motorista soma 20 pontos no per\u00edodo de 12 meses ou toma uma multa auto suspensiva, ou seja, aquelas multas que tem como penalidade a suspens\u00e3o da CNH, isso esta previsto no artigo 261 do CTB. Exemplos de multas auto suspensivas:<br \/>\nDirigir sob influ\u00eancia de \u00e1lcool (art. 165)<br \/>\nRecusar a fazer o teste do baf\u00f4metro (art. 165-A)<br \/>\nN\u00e3o usar capacete (art. 244)<br \/>\nExecutar manobra perigosa ou arrancada brusca (art. 175)<br \/>\nExcesso de velocidade acima de 50% (art. 218, III)<br \/>\nCompeti\u00e7\u00e3o esportiva (art. 174)<br \/>\nAmea\u00e7ar pedestre (art. 170)<br \/>\nTranspor bloqueio policial (art. 210)<br \/>\nDeixar de prestar socorro (art. 160 e 176)<br \/>\nFor\u00e7ar Passagem entre ve\u00edculos (art. 191)<br \/>\nDisputa corrida (art. 173).<\/p>\n","protected":false},"excerpt":{"rendered":"<p>Vamos come\u00e7ar do come\u00e7o. Primeiro preciso te falar o que \u00e9 suspens\u00e3o da CNH ou suspens\u00e3o do direito de dirigir. A suspens\u00e3o da CNH est\u00e1 prevista no artigo 256, III do CTB. Ela \u00e9 uma penalidade que pode ser aplicada al\u00e9m das multas e da advert\u00eancia por escrito. Ela acontece quando o motorista soma 20 [&hellip;]<\/p>\n","protected":false},"author":1,"featured_media":306,"parent":0,"menu_order":0,"comment_status":"closed","ping_status":"closed","template":"","meta":{"_et_pb_use_builder":"","_et_pb_old_content":"","_et_gb_content_width":""},"yoast_head":"<!-- This site is optimized with the Yoast SEO plugin v15.9.2 - https:\/\/yoast.com\/wordpress\/plugins\/seo\/ -->\n<title>N\u00e3o foi Notificado, sua Suspens\u00e3o da CNH pode ser Anulada! - Parada das Multas<\/title>\n<meta name=\"description\" content=\"Queremos selar o compromisso de oferecer a voc\u00ea o melhor recurso para o deferimento da sua multa. Disponibilizamos o (S.A.C) Servi\u00e7o de Atendimento ao Cliente, atrav\u00e9s do WhatsApp (27)99890-9694, voc\u00ea fala diretamente com profissional e esclarece todas as d\u00favidas relacionadas ao assunto totalmente gratuita.\" \/>\n<meta name=\"robots\" content=\"index, follow, max-snippet:-1, max-image-preview:large, max-video-preview:-1\" \/>\n<link rel=\"canonical\" href=\"https:\/\/paradadasmultas.com.br\/index.php\/notificado-sua-suspensao-da-cnh\/\" \/>\n<meta property=\"og:locale\" content=\"pt_BR\" \/>\n<meta property=\"og:type\" content=\"article\" \/>\n<meta property=\"og:title\" content=\"N\u00e3o foi Notificado, sua Suspens\u00e3o da CNH pode ser Anulada! - Parada das Multas\" \/>\n<meta property=\"og:description\" content=\"Queremos selar o compromisso de oferecer a voc\u00ea o melhor recurso para o deferimento da sua multa. Disponibilizamos o (S.A.C) Servi\u00e7o de Atendimento ao Cliente, atrav\u00e9s do WhatsApp (27)99890-9694, voc\u00ea fala diretamente com profissional e esclarece todas as d\u00favidas relacionadas ao assunto totalmente gratuita.\" \/>\n<meta property=\"og:url\" content=\"https:\/\/paradadasmultas.com.br\/index.php\/notificado-sua-suspensao-da-cnh\/\" \/>\n<meta property=\"og:site_name\" content=\"Parada das Multas\" \/>\n<meta property=\"article:modified_time\" content=\"2020-09-21T19:20:05+00:00\" \/>\n<meta property=\"og:image\" content=\"https:\/\/paradadasmultas.com.br\/wp-content\/uploads\/2020\/09\/notificacao-multa.jpg\" \/>\n\t<meta property=\"og:image:width\" content=\"365\" \/>\n\t<meta property=\"og:image:height\" content=\"365\" \/>\n<meta name=\"twitter:card\" content=\"summary_large_image\" \/>\n<meta name=\"twitter:label1\" content=\"Est. reading time\">\n\t<meta name=\"twitter:data1\" content=\"1 minuto\">\n<script type=\"application\/ld+json\" class=\"yoast-schema-graph\">{\"@context\":\"https:\/\/schema.org\",\"@graph\":[{\"@type\":\"Organization\",\"@id\":\"https:\/\/paradadasmultas.com.br\/#organization\",\"name\":\"Parada das Multas\",\"url\":\"https:\/\/paradadasmultas.com.br\/\",\"sameAs\":[],\"logo\":{\"@type\":\"ImageObject\",\"@id\":\"https:\/\/paradadasmultas.com.br\/#logo\",\"inLanguage\":\"pt-BR\",\"url\":\"https:\/\/paradadasmultas.com.br\/wp-content\/uploads\/2020\/10\/parada-das-multas-1.png\",\"width\":227,\"height\":120,\"caption\":\"Parada das Multas\"},\"image\":{\"@id\":\"https:\/\/paradadasmultas.com.br\/#logo\"}},{\"@type\":\"WebSite\",\"@id\":\"https:\/\/paradadasmultas.com.br\/#website\",\"url\":\"https:\/\/paradadasmultas.com.br\/\",\"name\":\"Parada das Multas\",\"description\":\"Levou multa e n\\u00e3o sabe como recorrer?\",\"publisher\":{\"@id\":\"https:\/\/paradadasmultas.com.br\/#organization\"},\"potentialAction\":[{\"@type\":\"SearchAction\",\"target\":\"https:\/\/paradadasmultas.com.br\/?s={search_term_string}\",\"query-input\":\"required name=search_term_string\"}],\"inLanguage\":\"pt-BR\"},{\"@type\":\"ImageObject\",\"@id\":\"https:\/\/paradadasmultas.com.br\/index.php\/notificado-sua-suspensao-da-cnh\/#primaryimage\",\"inLanguage\":\"pt-BR\",\"url\":\"https:\/\/paradadasmultas.com.br\/wp-content\/uploads\/2020\/09\/notificacao-multa.jpg\",\"width\":365,\"height\":365},{\"@type\":\"WebPage\",\"@id\":\"https:\/\/paradadasmultas.com.br\/index.php\/notificado-sua-suspensao-da-cnh\/#webpage\",\"url\":\"https:\/\/paradadasmultas.com.br\/index.php\/notificado-sua-suspensao-da-cnh\/\",\"name\":\"N\\u00e3o foi Notificado, sua Suspens\\u00e3o da CNH pode ser Anulada! - Parada das Multas\",\"isPartOf\":{\"@id\":\"https:\/\/paradadasmultas.com.br\/#website\"},\"primaryImageOfPage\":{\"@id\":\"https:\/\/paradadasmultas.com.br\/index.php\/notificado-sua-suspensao-da-cnh\/#primaryimage\"},\"datePublished\":\"2014-05-31T12:47:12+00:00\",\"dateModified\":\"2020-09-21T19:20:05+00:00\",\"description\":\"Queremos selar o compromisso de oferecer a voc\\u00ea o melhor recurso para o deferimento da sua multa. Disponibilizamos o (S.A.C) Servi\\u00e7o de Atendimento ao Cliente, atrav\\u00e9s do WhatsApp (27)99890-9694, voc\\u00ea fala diretamente com profissional e esclarece todas as d\\u00favidas relacionadas ao assunto totalmente gratuita.\",\"breadcrumb\":{\"@id\":\"https:\/\/paradadasmultas.com.br\/index.php\/notificado-sua-suspensao-da-cnh\/#breadcrumb\"},\"inLanguage\":\"pt-BR\",\"potentialAction\":[{\"@type\":\"ReadAction\",\"target\":[\"https:\/\/paradadasmultas.com.br\/index.php\/notificado-sua-suspensao-da-cnh\/\"]}]},{\"@type\":\"BreadcrumbList\",\"@id\":\"https:\/\/paradadasmultas.com.br\/index.php\/notificado-sua-suspensao-da-cnh\/#breadcrumb\",\"itemListElement\":[{\"@type\":\"ListItem\",\"position\":1,\"item\":{\"@type\":\"WebPage\",\"@id\":\"https:\/\/paradadasmultas.com.br\/\",\"url\":\"https:\/\/paradadasmultas.com.br\/\",\"name\":\"In\\u00edcio\"}},{\"@type\":\"ListItem\",\"position\":2,\"item\":{\"@type\":\"WebPage\",\"@id\":\"https:\/\/paradadasmultas.com.br\/index.php\/notificado-sua-suspensao-da-cnh\/\",\"url\":\"https:\/\/paradadasmultas.com.br\/index.php\/notificado-sua-suspensao-da-cnh\/\",\"name\":\"N\\u00e3o foi Notificado, sua Suspens\\u00e3o da CNH pode ser Anulada!\"}}]}]}<\/script>\n<!-- \/ Yoast SEO plugin. -->","_links":{"self":[{"href":"https:\/\/paradadasmultas.com.br\/index.php\/wp-json\/wp\/v2\/pages\/83"}],"collection":[{"href":"https:\/\/paradadasmultas.com.br\/index.php\/wp-json\/wp\/v2\/pages"}],"about":[{"href":"https:\/\/paradadasmultas.com.br\/index.php\/wp-json\/wp\/v2\/types\/page"}],"author":[{"embeddable":true,"href":"https:\/\/paradadasmultas.com.br\/index.php\/wp-json\/wp\/v2\/users\/1"}],"replies":[{"embeddable":true,"href":"https:\/\/paradadasmultas.com.br\/index.php\/wp-json\/wp\/v2\/comments?post=83"}],"version-history":[{"count":3,"href":"https:\/\/paradadasmultas.com.br\/index.php\/wp-json\/wp\/v2\/pages\/83\/revisions"}],"predecessor-version":[{"id":928,"href":"https:\/\/paradadasmultas.com.br\/index.php\/wp-json\/wp\/v2\/pages\/83\/revisions\/928"}],"wp:featuredmedia":[{"embeddable":true,"href":"https:\/\/paradadasmultas.com.br\/index.php\/wp-json\/wp\/v2\/media\/306"}],"wp:attachment":[{"href":"https:\/\/paradadasmultas.com.br\/index.php\/wp-json\/wp\/v2\/media?parent=83"}],"curies":[{"name":"wp","href":"https:\/\/api.w.org\/{rel}","templated":true}]}}