{"id":86,"date":"2014-05-31T12:54:16","date_gmt":"2014-05-31T12:54:16","guid":{"rendered":"http:\/\/demo.themegrill.com\/accelerate\/?page_id=86"},"modified":"2020-09-21T16:15:21","modified_gmt":"2020-09-21T19:15:21","slug":"dirigir-sem-cnh","status":"publish","type":"page","link":"https:\/\/paradadasmultas.com.br\/index.php\/dirigir-sem-cnh\/","title":{"rendered":"Afinal, vou ser multado por dirigir sem CNH?"},"content":{"rendered":"<p>Respondendo a pergunta do t\u00edtulo desse artigo, SIM, voc\u00ea vai ser multado se dirigir sem portar a CNH. A vig\u00eancia da Lei 13.281\/2016, manteve a obrigatoriedade do motorista portar a CNH, conforme fala o par\u00e1grafo 1\u00ba do artigo 159 do CTB e o artigo 1\u00ba da Resolu\u00e7\u00e3o 205\/2006 do CONTRAN:<\/p>\n<p>Art. 159&#8230; \u00a7 1\u00ba &#8211; \u00c9 obrigat\u00f3rio o porte da Permiss\u00e3o para Dirigir ou da Carteira Nacional de Habilita\u00e7\u00e3o quando o condutor estiver \u00e0 dire\u00e7\u00e3o do ve\u00edculo.<br \/>\n***<\/p>\n<p>Art. 1\u00ba. Os documentos de porte obrigat\u00f3rio do condutor do ve\u00edculo s\u00e3o: I \u2013 Autoriza\u00e7\u00e3o para Conduzir Ciclomotor \u2013 ACC, Permiss\u00e3o para Dirigir ou Carteira Nacional de Habilita\u00e7\u00e3o \u2013 CNH, no original; II \u2013 Certificado de Registro e Licenciamento Anual \u2013 CRLV, no original;<\/p>\n<p>Ent\u00e3o, se voc\u00ea dirigir sem a CNH voc\u00ea vai cometer a infra\u00e7\u00e3o prevista no artigo 232 do CTB:<\/p>\n<p>Artigo 232. Conduzir ve\u00edculo sem os documentos de porte obrigat\u00f3rio referidos neste C\u00f3digo: Infra\u00e7\u00e3o &#8211; leve; Penalidade &#8211; multa; Medida administrativa &#8211; reten\u00e7\u00e3o do ve\u00edculo at\u00e9 a apresenta\u00e7\u00e3o do documento.<br \/>\n\u00c9 v\u00e1lido mencionar que \u00e9 diferente portar a CNH e possuir CNH. A pessoa que dirige ve\u00edculo sem possuir CNH, comete infra\u00e7\u00e3o grav\u00edssima e incorre nas penalidades do artigo 162, I do CTB, veja:<\/p>\n<p>Art. 162. I &#8211; Dirigir ve\u00edculo sem possuir Carteira Nacional de Habilita\u00e7\u00e3o, Permiss\u00e3o para Dirigir ou Autoriza\u00e7\u00e3o para Conduzir Ciclomotor:<br \/>\nInfra\u00e7\u00e3o \u2013 grav\u00edssima;<br \/>\nPenalidade \u2013 multa (tr\u00eas vezes);<br \/>\nMedida administrativa \u2013 reten\u00e7\u00e3o do ve\u00edculo at\u00e9 a apresenta\u00e7\u00e3o de condutor habilitado;<br \/>\nAssim, queremos deixar claro que ainda continua obrigat\u00f3rio o porte da CNH. O que mudou com a entrada da Lei 13.281\/2016 foi a dispensa do porte do Certificado de Licenciamento Anual (CRLV). Com a inclus\u00e3o do par\u00e1grafo \u00fanico ao artigo 133, o porte do Certificado de Licenciamento Anual ser\u00e1 dispensado quando, no momento da fiscaliza\u00e7\u00e3o, for poss\u00edvel ter acesso ao devido sistema informatizado para verificar se o ve\u00edculo est\u00e1 licenciado.<\/p>\n<p>E se n\u00e3o houver acesso ao sistema?<\/p>\n<p>Entende-se que n\u00e3o pode ser multado o motorista, mesmo quando n\u00e3o houver acesso ao sistema. Isso porque a obriga\u00e7\u00e3o de ter dispon\u00edvel a fiscaliza\u00e7\u00e3o com acesso informatizado \u00e9 do Estado. A partir de agora, portanto, o motorista s\u00f3 dever\u00e1 ser multado quando o agente de tr\u00e2nsito conseguir confirmar, ou no pr\u00f3prio documento ou no sistema, que o CRLV est\u00e1 vencido.<\/p>\n<p>Afinal, vou ser multado por dirigir sem CNH?<br \/>\nSim, pois o que a lei alterou foi com rela\u00e7\u00e3o ao porte do documento do certificado de licenciamento anual, mas n\u00e3o falou nada especificamente do porte da CNH.<\/p>\n","protected":false},"excerpt":{"rendered":"<p>Respondendo a pergunta do t\u00edtulo desse artigo, SIM, voc\u00ea vai ser multado se dirigir sem portar a CNH. A vig\u00eancia da Lei 13.281\/2016, manteve a obrigatoriedade do motorista portar a CNH, conforme fala o par\u00e1grafo 1\u00ba do artigo 159 do CTB e o artigo 1\u00ba da Resolu\u00e7\u00e3o 205\/2006 do CONTRAN: Art. 159&#8230; \u00a7 1\u00ba &#8211; [&hellip;]<\/p>\n","protected":false},"author":1,"featured_media":312,"parent":0,"menu_order":0,"comment_status":"closed","ping_status":"closed","template":"","meta":{"_et_pb_use_builder":"","_et_pb_old_content":"","_et_gb_content_width":""},"yoast_head":"<!-- This site is optimized with the Yoast SEO plugin v15.9.2 - https:\/\/yoast.com\/wordpress\/plugins\/seo\/ -->\n<title>Afinal, vou ser multado por dirigir sem CNH? - Parada das Multas<\/title>\n<meta name=\"description\" content=\"Queremos selar o compromisso de oferecer a voc\u00ea o melhor recurso para o deferimento da sua multa. Disponibilizamos o (S.A.C) Servi\u00e7o de Atendimento ao Cliente, atrav\u00e9s do WhatsApp (27)99890-9694, voc\u00ea fala diretamente com profissional e esclarece todas as d\u00favidas relacionadas ao assunto totalmente gratuita.\" \/>\n<meta name=\"robots\" content=\"index, follow, max-snippet:-1, max-image-preview:large, max-video-preview:-1\" \/>\n<link rel=\"canonical\" href=\"https:\/\/paradadasmultas.com.br\/index.php\/dirigir-sem-cnh\/\" \/>\n<meta property=\"og:locale\" content=\"pt_BR\" \/>\n<meta property=\"og:type\" content=\"article\" \/>\n<meta property=\"og:title\" content=\"Afinal, vou ser multado por dirigir sem CNH? - Parada das Multas\" \/>\n<meta property=\"og:description\" content=\"Queremos selar o compromisso de oferecer a voc\u00ea o melhor recurso para o deferimento da sua multa. Disponibilizamos o (S.A.C) Servi\u00e7o de Atendimento ao Cliente, atrav\u00e9s do WhatsApp (27)99890-9694, voc\u00ea fala diretamente com profissional e esclarece todas as d\u00favidas relacionadas ao assunto totalmente gratuita.\" \/>\n<meta property=\"og:url\" content=\"https:\/\/paradadasmultas.com.br\/index.php\/dirigir-sem-cnh\/\" \/>\n<meta property=\"og:site_name\" content=\"Parada das Multas\" \/>\n<meta property=\"article:modified_time\" content=\"2020-09-21T19:15:21+00:00\" \/>\n<meta property=\"og:image\" content=\"https:\/\/paradadasmultas.com.br\/wp-content\/uploads\/2020\/09\/dirigir-sem-cnh.jpg\" \/>\n\t<meta property=\"og:image:width\" content=\"365\" \/>\n\t<meta property=\"og:image:height\" content=\"365\" \/>\n<meta name=\"twitter:card\" content=\"summary_large_image\" \/>\n<meta name=\"twitter:label1\" content=\"Est. reading time\">\n\t<meta name=\"twitter:data1\" content=\"2 minutos\">\n<script type=\"application\/ld+json\" class=\"yoast-schema-graph\">{\"@context\":\"https:\/\/schema.org\",\"@graph\":[{\"@type\":\"Organization\",\"@id\":\"https:\/\/paradadasmultas.com.br\/#organization\",\"name\":\"Parada das Multas\",\"url\":\"https:\/\/paradadasmultas.com.br\/\",\"sameAs\":[],\"logo\":{\"@type\":\"ImageObject\",\"@id\":\"https:\/\/paradadasmultas.com.br\/#logo\",\"inLanguage\":\"pt-BR\",\"url\":\"https:\/\/paradadasmultas.com.br\/wp-content\/uploads\/2020\/10\/parada-das-multas-1.png\",\"width\":227,\"height\":120,\"caption\":\"Parada das Multas\"},\"image\":{\"@id\":\"https:\/\/paradadasmultas.com.br\/#logo\"}},{\"@type\":\"WebSite\",\"@id\":\"https:\/\/paradadasmultas.com.br\/#website\",\"url\":\"https:\/\/paradadasmultas.com.br\/\",\"name\":\"Parada das Multas\",\"description\":\"Levou multa e n\\u00e3o sabe como recorrer?\",\"publisher\":{\"@id\":\"https:\/\/paradadasmultas.com.br\/#organization\"},\"potentialAction\":[{\"@type\":\"SearchAction\",\"target\":\"https:\/\/paradadasmultas.com.br\/?s={search_term_string}\",\"query-input\":\"required name=search_term_string\"}],\"inLanguage\":\"pt-BR\"},{\"@type\":\"ImageObject\",\"@id\":\"https:\/\/paradadasmultas.com.br\/index.php\/dirigir-sem-cnh\/#primaryimage\",\"inLanguage\":\"pt-BR\",\"url\":\"https:\/\/paradadasmultas.com.br\/wp-content\/uploads\/2020\/09\/dirigir-sem-cnh.jpg\",\"width\":365,\"height\":365},{\"@type\":\"WebPage\",\"@id\":\"https:\/\/paradadasmultas.com.br\/index.php\/dirigir-sem-cnh\/#webpage\",\"url\":\"https:\/\/paradadasmultas.com.br\/index.php\/dirigir-sem-cnh\/\",\"name\":\"Afinal, vou ser multado por dirigir sem CNH? - Parada das Multas\",\"isPartOf\":{\"@id\":\"https:\/\/paradadasmultas.com.br\/#website\"},\"primaryImageOfPage\":{\"@id\":\"https:\/\/paradadasmultas.com.br\/index.php\/dirigir-sem-cnh\/#primaryimage\"},\"datePublished\":\"2014-05-31T12:54:16+00:00\",\"dateModified\":\"2020-09-21T19:15:21+00:00\",\"description\":\"Queremos selar o compromisso de oferecer a voc\\u00ea o melhor recurso para o deferimento da sua multa. Disponibilizamos o (S.A.C) Servi\\u00e7o de Atendimento ao Cliente, atrav\\u00e9s do WhatsApp (27)99890-9694, voc\\u00ea fala diretamente com profissional e esclarece todas as d\\u00favidas relacionadas ao assunto totalmente gratuita.\",\"breadcrumb\":{\"@id\":\"https:\/\/paradadasmultas.com.br\/index.php\/dirigir-sem-cnh\/#breadcrumb\"},\"inLanguage\":\"pt-BR\",\"potentialAction\":[{\"@type\":\"ReadAction\",\"target\":[\"https:\/\/paradadasmultas.com.br\/index.php\/dirigir-sem-cnh\/\"]}]},{\"@type\":\"BreadcrumbList\",\"@id\":\"https:\/\/paradadasmultas.com.br\/index.php\/dirigir-sem-cnh\/#breadcrumb\",\"itemListElement\":[{\"@type\":\"ListItem\",\"position\":1,\"item\":{\"@type\":\"WebPage\",\"@id\":\"https:\/\/paradadasmultas.com.br\/\",\"url\":\"https:\/\/paradadasmultas.com.br\/\",\"name\":\"In\\u00edcio\"}},{\"@type\":\"ListItem\",\"position\":2,\"item\":{\"@type\":\"WebPage\",\"@id\":\"https:\/\/paradadasmultas.com.br\/index.php\/dirigir-sem-cnh\/\",\"url\":\"https:\/\/paradadasmultas.com.br\/index.php\/dirigir-sem-cnh\/\",\"name\":\"Afinal, vou ser multado por dirigir sem CNH?\"}}]}]}<\/script>\n<!-- \/ Yoast SEO plugin. -->","_links":{"self":[{"href":"https:\/\/paradadasmultas.com.br\/index.php\/wp-json\/wp\/v2\/pages\/86"}],"collection":[{"href":"https:\/\/paradadasmultas.com.br\/index.php\/wp-json\/wp\/v2\/pages"}],"about":[{"href":"https:\/\/paradadasmultas.com.br\/index.php\/wp-json\/wp\/v2\/types\/page"}],"author":[{"embeddable":true,"href":"https:\/\/paradadasmultas.com.br\/index.php\/wp-json\/wp\/v2\/users\/1"}],"replies":[{"embeddable":true,"href":"https:\/\/paradadasmultas.com.br\/index.php\/wp-json\/wp\/v2\/comments?post=86"}],"version-history":[{"count":2,"href":"https:\/\/paradadasmultas.com.br\/index.php\/wp-json\/wp\/v2\/pages\/86\/revisions"}],"predecessor-version":[{"id":910,"href":"https:\/\/paradadasmultas.com.br\/index.php\/wp-json\/wp\/v2\/pages\/86\/revisions\/910"}],"wp:featuredmedia":[{"embeddable":true,"href":"https:\/\/paradadasmultas.com.br\/index.php\/wp-json\/wp\/v2\/media\/312"}],"wp:attachment":[{"href":"https:\/\/paradadasmultas.com.br\/index.php\/wp-json\/wp\/v2\/media?parent=86"}],"curies":[{"name":"wp","href":"https:\/\/api.w.org\/{rel}","templated":true}]}}