{"id":89,"date":"2014-05-31T13:03:38","date_gmt":"2014-05-31T13:03:38","guid":{"rendered":"http:\/\/demo.themegrill.com\/accelerate\/?page_id=89"},"modified":"2020-09-21T16:19:03","modified_gmt":"2020-09-21T19:19:03","slug":"bagagem-no-banco-de-tras","status":"publish","type":"page","link":"https:\/\/paradadasmultas.com.br\/index.php\/bagagem-no-banco-de-tras\/","title":{"rendered":"Bagagem no banco de tr\u00e1s do carro d\u00e1 multa? Mito ou Verdade"},"content":{"rendered":"<p>Tem sido compartilhada nas redes sociais uma reportagem que alerta os condutores sobre uma poss\u00edvel multa de tr\u00e2nsito por levar &#8220;coisas&#8221; no banco de tr\u00e1s do autom\u00f3vel, como por exemplo, bagagens, compras e at\u00e9 mesmo pequenos volumes.<\/p>\n<p>No entanto, uma autua\u00e7\u00e3o nessas circunst\u00e2ncias \u00e9 absolutamente question\u00e1vel quando analisamos a lei e as normas que o tema est\u00e1 inserido.<\/p>\n<p>O que diz a lei sobre levar bagagem\/compras no banco de tr\u00e1s do carro?<br \/>\nO C\u00f3digo de Tr\u00e2nsito Brasileiro disp\u00f5e em seu artigo 248:<\/p>\n<p>Transportar em ve\u00edculo destinado ao transporte de passageiros carga excedente em desacordo com o estabelecido no art. 109: Infra\u00e7\u00e3o &#8211; grave; Penalidade &#8211; multa; Medida administrativa &#8211; reten\u00e7\u00e3o para o transbordo.<br \/>\nAo observarmos a regra constante no art. 109 do CTB, temos a seguinte determina\u00e7\u00e3o:<\/p>\n<p>O transporte de carga em ve\u00edculos destinados ao transporte de passageiros s\u00f3 pode ser realizado de acordo com as normas estabelecidas pelo CONTRAN.<br \/>\nO Conselho Nacional de Tr\u00e2nsito por sua vez, regulamentou esse dispositivo legal atrav\u00e9s da Resolu\u00e7\u00e3o n\u00ba 26\/1998.<\/p>\n<p>Referida norma destina-se apenas a alguns tipos de ve\u00edculos, como os destinados ao transporte de passageiros, do tipo \u00f4nibus, micro\u00f4nibus, ou outras categorias.<\/p>\n<p>Percebe-se ent\u00e3o, claramente que a norma \u00e9 destinada aos ve\u00edculos que realizam transporte coletivo de passageiros.<\/p>\n<p>Inclusive, a ficha de enquadramento da infra\u00e7\u00e3o do art. 248 do CTB, ao especificar em que hip\u00f3tese se deve autuar, a legisla\u00e7\u00e3o indica que ser\u00e1 o \u201cve\u00edculo de passageiro, transportando carga fora do bagageiro\u201d, espa\u00e7o este comumente encontrado em ve\u00edculos de transporte coletivo.<\/p>\n<p>Al\u00e9m do mais, a citada ficha utiliza como exemplo de descri\u00e7\u00e3o da situa\u00e7\u00e3o a ser inclu\u00edda pelos agentes de fiscaliza\u00e7\u00e3o no campo de observa\u00e7\u00f5es do auto de infra\u00e7\u00e3o a seguinte informa\u00e7\u00e3o: \u201ccarga depositada no corredor do ve\u00edculo\u201d, espa\u00e7o que obviamente n\u00e3o existe nos autom\u00f3veis.<\/p>\n<p>Dito isso&#8230;.<\/p>\n<p>\u00c9 poss\u00edvel recorrer da multa por bagagem\/compras no banco de tr\u00e1s do carro?<br \/>\nConv\u00e9m ressaltar que uma parcela consider\u00e1vel de agentes fiscalizadores e de estudiosos da mat\u00e9ria tem defendido a ideia de que, a t\u00edtulo de exemplo, o transporte de uma mala de viagem no banco de tr\u00e1s de um autom\u00f3vel \u00e9 infra\u00e7\u00e3o de tr\u00e2nsito pelo fato de impor risco \u00e0 seguran\u00e7a.<\/p>\n<p>Respeitamos imensamente os posicionamentos contr\u00e1rios, mas parece se tratar de uma interpreta\u00e7\u00e3o extensiva da norma de modo desfavor\u00e1vel ao condutor. Sendo assim, se h\u00e1 d\u00favida quanto \u00e0 legalidade do ato administrativo, o mais coerente \u00e9 n\u00e3o autuar.<\/p>\n<p>Por essa raz\u00e3o, transportar bagagem ou objetos menores no banco traseiro de um ve\u00edculo n\u00e3o \u00e9 proibido, e n\u00e3o configura nenhum il\u00edcito administrativo, ou seja, N\u00c3O gera multa de tr\u00e2nsito, de forma expressa na legisla\u00e7\u00e3o de tr\u00e2nsito. Ao Agente da Autoridade de Tr\u00e2nsito cabe t\u00e3o somente liberar o ve\u00edculo em respeito ao princ\u00edpio da reserva legal.<\/p>\n","protected":false},"excerpt":{"rendered":"<p>Tem sido compartilhada nas redes sociais uma reportagem que alerta os condutores sobre uma poss\u00edvel multa de tr\u00e2nsito por levar &#8220;coisas&#8221; no banco de tr\u00e1s do autom\u00f3vel, como por exemplo, bagagens, compras e at\u00e9 mesmo pequenos volumes. No entanto, uma autua\u00e7\u00e3o nessas circunst\u00e2ncias \u00e9 absolutamente question\u00e1vel quando analisamos a lei e as normas que o [&hellip;]<\/p>\n","protected":false},"author":1,"featured_media":315,"parent":0,"menu_order":0,"comment_status":"closed","ping_status":"closed","template":"","meta":{"_et_pb_use_builder":"","_et_pb_old_content":"","_et_gb_content_width":""},"yoast_head":"<!-- This site is optimized with the Yoast SEO plugin v15.9.2 - https:\/\/yoast.com\/wordpress\/plugins\/seo\/ -->\n<title>Bagagem no banco de tr\u00e1s do carro d\u00e1 multa? Mito ou Verdade - Parada das Multas<\/title>\n<meta name=\"description\" content=\"Queremos selar o compromisso de oferecer a voc\u00ea o melhor recurso para o deferimento da sua multa. Disponibilizamos o (S.A.C) Servi\u00e7o de Atendimento ao Cliente, atrav\u00e9s do WhatsApp (27)99890-9694, voc\u00ea fala diretamente com profissional e esclarece todas as d\u00favidas relacionadas ao assunto totalmente gratuita.\" \/>\n<meta name=\"robots\" content=\"index, follow, max-snippet:-1, max-image-preview:large, max-video-preview:-1\" \/>\n<link rel=\"canonical\" href=\"https:\/\/paradadasmultas.com.br\/index.php\/bagagem-no-banco-de-tras\/\" \/>\n<meta property=\"og:locale\" content=\"pt_BR\" \/>\n<meta property=\"og:type\" content=\"article\" \/>\n<meta property=\"og:title\" content=\"Bagagem no banco de tr\u00e1s do carro d\u00e1 multa? Mito ou Verdade - Parada das Multas\" \/>\n<meta property=\"og:description\" content=\"Queremos selar o compromisso de oferecer a voc\u00ea o melhor recurso para o deferimento da sua multa. Disponibilizamos o (S.A.C) Servi\u00e7o de Atendimento ao Cliente, atrav\u00e9s do WhatsApp (27)99890-9694, voc\u00ea fala diretamente com profissional e esclarece todas as d\u00favidas relacionadas ao assunto totalmente gratuita.\" \/>\n<meta property=\"og:url\" content=\"https:\/\/paradadasmultas.com.br\/index.php\/bagagem-no-banco-de-tras\/\" \/>\n<meta property=\"og:site_name\" content=\"Parada das Multas\" \/>\n<meta property=\"article:modified_time\" content=\"2020-09-21T19:19:03+00:00\" \/>\n<meta property=\"og:image\" content=\"https:\/\/paradadasmultas.com.br\/wp-content\/uploads\/2020\/09\/bagem-banco-de-traz.jpg\" \/>\n\t<meta property=\"og:image:width\" content=\"365\" \/>\n\t<meta property=\"og:image:height\" content=\"365\" \/>\n<meta name=\"twitter:card\" content=\"summary_large_image\" \/>\n<meta name=\"twitter:label1\" content=\"Est. reading time\">\n\t<meta name=\"twitter:data1\" content=\"3 minutos\">\n<script type=\"application\/ld+json\" class=\"yoast-schema-graph\">{\"@context\":\"https:\/\/schema.org\",\"@graph\":[{\"@type\":\"Organization\",\"@id\":\"https:\/\/paradadasmultas.com.br\/#organization\",\"name\":\"Parada das Multas\",\"url\":\"https:\/\/paradadasmultas.com.br\/\",\"sameAs\":[],\"logo\":{\"@type\":\"ImageObject\",\"@id\":\"https:\/\/paradadasmultas.com.br\/#logo\",\"inLanguage\":\"pt-BR\",\"url\":\"https:\/\/paradadasmultas.com.br\/wp-content\/uploads\/2020\/10\/parada-das-multas-1.png\",\"width\":227,\"height\":120,\"caption\":\"Parada das Multas\"},\"image\":{\"@id\":\"https:\/\/paradadasmultas.com.br\/#logo\"}},{\"@type\":\"WebSite\",\"@id\":\"https:\/\/paradadasmultas.com.br\/#website\",\"url\":\"https:\/\/paradadasmultas.com.br\/\",\"name\":\"Parada das Multas\",\"description\":\"Levou multa e n\\u00e3o sabe como recorrer?\",\"publisher\":{\"@id\":\"https:\/\/paradadasmultas.com.br\/#organization\"},\"potentialAction\":[{\"@type\":\"SearchAction\",\"target\":\"https:\/\/paradadasmultas.com.br\/?s={search_term_string}\",\"query-input\":\"required name=search_term_string\"}],\"inLanguage\":\"pt-BR\"},{\"@type\":\"ImageObject\",\"@id\":\"https:\/\/paradadasmultas.com.br\/index.php\/bagagem-no-banco-de-tras\/#primaryimage\",\"inLanguage\":\"pt-BR\",\"url\":\"https:\/\/paradadasmultas.com.br\/wp-content\/uploads\/2020\/09\/bagem-banco-de-traz.jpg\",\"width\":365,\"height\":365},{\"@type\":\"WebPage\",\"@id\":\"https:\/\/paradadasmultas.com.br\/index.php\/bagagem-no-banco-de-tras\/#webpage\",\"url\":\"https:\/\/paradadasmultas.com.br\/index.php\/bagagem-no-banco-de-tras\/\",\"name\":\"Bagagem no banco de tr\\u00e1s do carro d\\u00e1 multa? Mito ou Verdade - Parada das Multas\",\"isPartOf\":{\"@id\":\"https:\/\/paradadasmultas.com.br\/#website\"},\"primaryImageOfPage\":{\"@id\":\"https:\/\/paradadasmultas.com.br\/index.php\/bagagem-no-banco-de-tras\/#primaryimage\"},\"datePublished\":\"2014-05-31T13:03:38+00:00\",\"dateModified\":\"2020-09-21T19:19:03+00:00\",\"description\":\"Queremos selar o compromisso de oferecer a voc\\u00ea o melhor recurso para o deferimento da sua multa. Disponibilizamos o (S.A.C) Servi\\u00e7o de Atendimento ao Cliente, atrav\\u00e9s do WhatsApp (27)99890-9694, voc\\u00ea fala diretamente com profissional e esclarece todas as d\\u00favidas relacionadas ao assunto totalmente gratuita.\",\"breadcrumb\":{\"@id\":\"https:\/\/paradadasmultas.com.br\/index.php\/bagagem-no-banco-de-tras\/#breadcrumb\"},\"inLanguage\":\"pt-BR\",\"potentialAction\":[{\"@type\":\"ReadAction\",\"target\":[\"https:\/\/paradadasmultas.com.br\/index.php\/bagagem-no-banco-de-tras\/\"]}]},{\"@type\":\"BreadcrumbList\",\"@id\":\"https:\/\/paradadasmultas.com.br\/index.php\/bagagem-no-banco-de-tras\/#breadcrumb\",\"itemListElement\":[{\"@type\":\"ListItem\",\"position\":1,\"item\":{\"@type\":\"WebPage\",\"@id\":\"https:\/\/paradadasmultas.com.br\/\",\"url\":\"https:\/\/paradadasmultas.com.br\/\",\"name\":\"In\\u00edcio\"}},{\"@type\":\"ListItem\",\"position\":2,\"item\":{\"@type\":\"WebPage\",\"@id\":\"https:\/\/paradadasmultas.com.br\/index.php\/bagagem-no-banco-de-tras\/\",\"url\":\"https:\/\/paradadasmultas.com.br\/index.php\/bagagem-no-banco-de-tras\/\",\"name\":\"Bagagem no banco de tr\\u00e1s do carro d\\u00e1 multa? Mito ou Verdade\"}}]}]}<\/script>\n<!-- \/ Yoast SEO plugin. -->","_links":{"self":[{"href":"https:\/\/paradadasmultas.com.br\/index.php\/wp-json\/wp\/v2\/pages\/89"}],"collection":[{"href":"https:\/\/paradadasmultas.com.br\/index.php\/wp-json\/wp\/v2\/pages"}],"about":[{"href":"https:\/\/paradadasmultas.com.br\/index.php\/wp-json\/wp\/v2\/types\/page"}],"author":[{"embeddable":true,"href":"https:\/\/paradadasmultas.com.br\/index.php\/wp-json\/wp\/v2\/users\/1"}],"replies":[{"embeddable":true,"href":"https:\/\/paradadasmultas.com.br\/index.php\/wp-json\/wp\/v2\/comments?post=89"}],"version-history":[{"count":1,"href":"https:\/\/paradadasmultas.com.br\/index.php\/wp-json\/wp\/v2\/pages\/89\/revisions"}],"predecessor-version":[{"id":316,"href":"https:\/\/paradadasmultas.com.br\/index.php\/wp-json\/wp\/v2\/pages\/89\/revisions\/316"}],"wp:featuredmedia":[{"embeddable":true,"href":"https:\/\/paradadasmultas.com.br\/index.php\/wp-json\/wp\/v2\/media\/315"}],"wp:attachment":[{"href":"https:\/\/paradadasmultas.com.br\/index.php\/wp-json\/wp\/v2\/media?parent=89"}],"curies":[{"name":"wp","href":"https:\/\/api.w.org\/{rel}","templated":true}]}}